{"id":5509,"date":"2024-11-04T08:15:27","date_gmt":"2024-11-04T08:15:27","guid":{"rendered":"https:\/\/fresco-europe.com\/product\/mangue\/"},"modified":"2024-11-04T08:15:27","modified_gmt":"2024-11-04T08:15:27","slug":"mangue","status":"publish","type":"product","link":"https:\/\/fresco-europe.com\/fr\/product\/mangue\/","title":{"rendered":"mangue<br>"},"content":{"rendered":"","protected":false},"excerpt":{"rendered":"<p>Fresco a fourni avec succ\u00e8s les meilleures mangues \u00e0 des partenaires du monde entier.<br \/> Nos exportations de mangues atteignent d\u00e9sormais plus de 12 000 tonnes de d\u00e9licieuses vari\u00e9t\u00e9s. Les mangues \u00e9gyptiennes sont une vari\u00e9t\u00e9 pris\u00e9e connue pour leur douceur exceptionnelle et leur saveur riche. Ils ont g\u00e9n\u00e9ralement une peau jaune-orange vif, souvent avec un l\u00e9ger rougissement. La chair est juteuse et fibreuse, avec une texture onctueuse qui fond en bouche.<\/p>\n<p>Disponible de mi-juillet \u00e0 mi-novembre (Egypte)<\/p>\n","protected":false},"featured_media":4812,"comment_status":"open","ping_status":"closed","template":"","meta":[],"product_brand":[],"product_cat":[49],"product_tag":[],"class_list":{"0":"post-5509","1":"product","2":"type-product","3":"status-publish","4":"has-post-thumbnail","6":"product_cat-fruits","7":"nt-post-class","8":"","17":"first","18":"onbackorder","19":"shipping-taxable","20":"product-type-simple"},"_links":{"self":[{"href":"https:\/\/fresco-europe.com\/fr\/wp-json\/wp\/v2\/product\/5509","targetHints":{"allow":["GET"]}}],"collection":[{"href":"https:\/\/fresco-europe.com\/fr\/wp-json\/wp\/v2\/product"}],"about":[{"href":"https:\/\/fresco-europe.com\/fr\/wp-json\/wp\/v2\/types\/product"}],"replies":[{"embeddable":true,"href":"https:\/\/fresco-europe.com\/fr\/wp-json\/wp\/v2\/comments?post=5509"}],"wp:featuredmedia":[{"embeddable":true,"href":"https:\/\/fresco-europe.com\/fr\/wp-json\/wp\/v2\/media\/4812"}],"wp:attachment":[{"href":"https:\/\/fresco-europe.com\/fr\/wp-json\/wp\/v2\/media?parent=5509"}],"wp:term":[{"taxonomy":"product_brand","embeddable":true,"href":"https:\/\/fresco-europe.com\/fr\/wp-json\/wp\/v2\/product_brand?post=5509"},{"taxonomy":"product_cat","embeddable":true,"href":"https:\/\/fresco-europe.com\/fr\/wp-json\/wp\/v2\/product_cat?post=5509"},{"taxonomy":"product_tag","embeddable":true,"href":"https:\/\/fresco-europe.com\/fr\/wp-json\/wp\/v2\/product_tag?post=5509"}],"curies":[{"name":"wp","href":"https:\/\/api.w.org\/{rel}","templated":true}]}}