{"id":5478,"date":"2020-12-09T08:30:18","date_gmt":"2020-12-09T08:30:18","guid":{"rendered":"https:\/\/fresco-europe.com\/product\/goyave\/"},"modified":"2020-12-09T08:30:18","modified_gmt":"2020-12-09T08:30:18","slug":"goyave","status":"publish","type":"product","link":"https:\/\/fresco-europe.com\/fr\/product\/goyave\/","title":{"rendered":"Goyave<br>"},"content":{"rendered":"","protected":false},"excerpt":{"rendered":"<p>La production de goyaves est consid\u00e9r\u00e9e comme la deuxi\u00e8me culture la plus importante de Fresco, avec des exportations d\u00e9passant 35 000 tonnes. Il a g\u00e9n\u00e9ralement une forme ronde ou ovale, avec une peau lisse et fine dont la couleur peut varier du vert au jaune ou m\u00eame au rose. \u00c0 l\u2019int\u00e9rieur, les goyaves ont une chair juteuse et parfum\u00e9e qui peut \u00eatre blanche, rose ou rouge, selon la vari\u00e9t\u00e9, et est remplie de petites graines comestibles. La saveur de la goyave est douce et aromatique. Il est riche en vitamines A et C, en fibres alimentaires et en antioxydants. Disponible de mi-ao\u00fbt \u00e0 fin juin (Egypte)    <\/p>\n","protected":false},"featured_media":4940,"comment_status":"open","ping_status":"closed","template":"","meta":[],"product_brand":[],"product_cat":[49],"product_tag":[],"class_list":{"0":"post-5478","1":"product","2":"type-product","3":"status-publish","4":"has-post-thumbnail","6":"product_cat-fruits","7":"nt-post-class","8":"","17":"first","18":"onbackorder","19":"featured","20":"shipping-taxable","21":"product-type-simple"},"_links":{"self":[{"href":"https:\/\/fresco-europe.com\/fr\/wp-json\/wp\/v2\/product\/5478","targetHints":{"allow":["GET"]}}],"collection":[{"href":"https:\/\/fresco-europe.com\/fr\/wp-json\/wp\/v2\/product"}],"about":[{"href":"https:\/\/fresco-europe.com\/fr\/wp-json\/wp\/v2\/types\/product"}],"replies":[{"embeddable":true,"href":"https:\/\/fresco-europe.com\/fr\/wp-json\/wp\/v2\/comments?post=5478"}],"wp:featuredmedia":[{"embeddable":true,"href":"https:\/\/fresco-europe.com\/fr\/wp-json\/wp\/v2\/media\/4940"}],"wp:attachment":[{"href":"https:\/\/fresco-europe.com\/fr\/wp-json\/wp\/v2\/media?parent=5478"}],"wp:term":[{"taxonomy":"product_brand","embeddable":true,"href":"https:\/\/fresco-europe.com\/fr\/wp-json\/wp\/v2\/product_brand?post=5478"},{"taxonomy":"product_cat","embeddable":true,"href":"https:\/\/fresco-europe.com\/fr\/wp-json\/wp\/v2\/product_cat?post=5478"},{"taxonomy":"product_tag","embeddable":true,"href":"https:\/\/fresco-europe.com\/fr\/wp-json\/wp\/v2\/product_tag?post=5478"}],"curies":[{"name":"wp","href":"https:\/\/api.w.org\/{rel}","templated":true}]}}