{"id":5476,"date":"2024-11-04T07:51:20","date_gmt":"2024-11-04T07:51:20","guid":{"rendered":"https:\/\/fresco-europe.com\/product\/gombo-indien\/"},"modified":"2024-11-04T07:51:20","modified_gmt":"2024-11-04T07:51:20","slug":"gombo-indien","status":"publish","type":"product","link":"https:\/\/fresco-europe.com\/fr\/product\/gombo-indien\/","title":{"rendered":"Gombo indien"},"content":{"rendered":"","protected":false},"excerpt":{"rendered":"<p>Nous sommes incroyablement fiers de notre gombo indien. Fresco cultive plus de 1 000 feddan en \u00c9gypte, \u00e0 Oman et en Tha\u00eflande. L&#8217;entreprise produit plus de 100 000 tonnes de gombo indien frais de premi\u00e8re qualit\u00e9.<br \/>\nC&#8217;est un l\u00e9gume populaire dans la cuisine indienne. Il a une forme longue et \u00e9lanc\u00e9e avec une texture l\u00e9g\u00e8rement c\u00f4tel\u00e9e et une couleur vert vif. Les gousses peuvent atteindre jusqu&#8217;\u00e0 6 pouces de long et avoir un int\u00e9rieur distinctif rempli de graines comestibles.<\/p>\n<p>Disponible de mi-avril \u00e0 mi-novembre (Egypte)<\/p>\n<p>Ann\u00e9e enti\u00e8re (Oman)<\/p>\n","protected":false},"featured_media":4814,"comment_status":"open","ping_status":"closed","template":"","meta":[],"product_brand":[],"product_cat":[60],"product_tag":[],"class_list":{"0":"post-5476","1":"product","2":"type-product","3":"status-publish","4":"has-post-thumbnail","6":"product_cat-vegetables","7":"nt-post-class","8":"","17":"first","18":"onbackorder","19":"shipping-taxable","20":"product-type-simple"},"_links":{"self":[{"href":"https:\/\/fresco-europe.com\/fr\/wp-json\/wp\/v2\/product\/5476","targetHints":{"allow":["GET"]}}],"collection":[{"href":"https:\/\/fresco-europe.com\/fr\/wp-json\/wp\/v2\/product"}],"about":[{"href":"https:\/\/fresco-europe.com\/fr\/wp-json\/wp\/v2\/types\/product"}],"replies":[{"embeddable":true,"href":"https:\/\/fresco-europe.com\/fr\/wp-json\/wp\/v2\/comments?post=5476"}],"wp:featuredmedia":[{"embeddable":true,"href":"https:\/\/fresco-europe.com\/fr\/wp-json\/wp\/v2\/media\/4814"}],"wp:attachment":[{"href":"https:\/\/fresco-europe.com\/fr\/wp-json\/wp\/v2\/media?parent=5476"}],"wp:term":[{"taxonomy":"product_brand","embeddable":true,"href":"https:\/\/fresco-europe.com\/fr\/wp-json\/wp\/v2\/product_brand?post=5476"},{"taxonomy":"product_cat","embeddable":true,"href":"https:\/\/fresco-europe.com\/fr\/wp-json\/wp\/v2\/product_cat?post=5476"},{"taxonomy":"product_tag","embeddable":true,"href":"https:\/\/fresco-europe.com\/fr\/wp-json\/wp\/v2\/product_tag?post=5476"}],"curies":[{"name":"wp","href":"https:\/\/api.w.org\/{rel}","templated":true}]}}