{"id":5396,"date":"2024-11-04T08:01:46","date_gmt":"2024-11-04T08:01:46","guid":{"rendered":"https:\/\/fresco-europe.com\/product\/habanero-rouge-et-jaune\/"},"modified":"2024-12-07T19:58:18","modified_gmt":"2024-12-07T19:58:18","slug":"habanero-rouge-et-jaune","status":"publish","type":"product","link":"https:\/\/fresco-europe.com\/fr\/product\/habanero-rouge-et-jaune\/","title":{"rendered":"Habanero rouge et jaune"},"content":{"rendered":"","protected":false},"excerpt":{"rendered":"<p>Les Habaneros font partie des piments les plus forts. En plus de leur piquant, les habaneros rouges et jaunes sont riches en vitamines A et C, ce qui en fait un compl\u00e9ment nutritif aux plats. Leurs couleurs vives et leur go\u00fbt distinct les rendent populaires dans de nombreuses cuisines, notamment dans la cuisine mexicaine et carib\u00e9enne.<\/p>\n<p>Disponible de mi-novembre \u00e0 fin mai (Egypte)<br \/>\n(Oman) Toute l&#8217;ann\u00e9e (Oman)<\/p>\n","protected":false},"featured_media":5520,"comment_status":"open","ping_status":"closed","template":"","meta":[],"product_brand":[],"product_cat":[60],"product_tag":[],"class_list":{"0":"post-5396","1":"product","2":"type-product","3":"status-publish","4":"has-post-thumbnail","6":"product_cat-vegetables","7":"nt-post-class","8":"","17":"first","18":"onbackorder","19":"shipping-taxable","20":"product-type-simple"},"_links":{"self":[{"href":"https:\/\/fresco-europe.com\/fr\/wp-json\/wp\/v2\/product\/5396","targetHints":{"allow":["GET"]}}],"collection":[{"href":"https:\/\/fresco-europe.com\/fr\/wp-json\/wp\/v2\/product"}],"about":[{"href":"https:\/\/fresco-europe.com\/fr\/wp-json\/wp\/v2\/types\/product"}],"replies":[{"embeddable":true,"href":"https:\/\/fresco-europe.com\/fr\/wp-json\/wp\/v2\/comments?post=5396"}],"wp:featuredmedia":[{"embeddable":true,"href":"https:\/\/fresco-europe.com\/fr\/wp-json\/wp\/v2\/media\/5520"}],"wp:attachment":[{"href":"https:\/\/fresco-europe.com\/fr\/wp-json\/wp\/v2\/media?parent=5396"}],"wp:term":[{"taxonomy":"product_brand","embeddable":true,"href":"https:\/\/fresco-europe.com\/fr\/wp-json\/wp\/v2\/product_brand?post=5396"},{"taxonomy":"product_cat","embeddable":true,"href":"https:\/\/fresco-europe.com\/fr\/wp-json\/wp\/v2\/product_cat?post=5396"},{"taxonomy":"product_tag","embeddable":true,"href":"https:\/\/fresco-europe.com\/fr\/wp-json\/wp\/v2\/product_tag?post=5396"}],"curies":[{"name":"wp","href":"https:\/\/api.w.org\/{rel}","templated":true}]}}