{"id":5353,"date":"2024-11-04T08:00:18","date_gmt":"2024-11-04T08:00:18","guid":{"rendered":"https:\/\/fresco-europe.com\/product\/piment-oiseau\/"},"modified":"2024-12-07T19:58:18","modified_gmt":"2024-12-07T19:58:18","slug":"piment-oiseau","status":"publish","type":"product","link":"https:\/\/fresco-europe.com\/fr\/product\/piment-oiseau\/","title":{"rendered":"Piment oiseau"},"content":{"rendered":"","protected":false},"excerpt":{"rendered":"<p>Le piment oiseau, connu sous le nom de piment tha\u00eflandais, est un petit piment ardent couramment utilis\u00e9 dans la cuisine d\u2019Asie du Sud-Est. Ces piments sont g\u00e9n\u00e9ralement rouge vif ou vert, avec une forme \u00e9lanc\u00e9e et effil\u00e9e. Fresco offre un bon go\u00fbt de piment oiseau.<\/p>\n<p>Disponible de mi-novembre \u00e0 fin mai (Egypte)<br \/>\nToute l&#8217;ann\u00e9e (Oman)<\/p>\n","protected":false},"featured_media":4818,"comment_status":"open","ping_status":"closed","template":"","meta":[],"product_brand":[],"product_cat":[60],"product_tag":[],"class_list":{"0":"post-5353","1":"product","2":"type-product","3":"status-publish","4":"has-post-thumbnail","6":"product_cat-vegetables","7":"nt-post-class","8":"","17":"first","18":"onbackorder","19":"shipping-taxable","20":"product-type-simple"},"_links":{"self":[{"href":"https:\/\/fresco-europe.com\/fr\/wp-json\/wp\/v2\/product\/5353","targetHints":{"allow":["GET"]}}],"collection":[{"href":"https:\/\/fresco-europe.com\/fr\/wp-json\/wp\/v2\/product"}],"about":[{"href":"https:\/\/fresco-europe.com\/fr\/wp-json\/wp\/v2\/types\/product"}],"replies":[{"embeddable":true,"href":"https:\/\/fresco-europe.com\/fr\/wp-json\/wp\/v2\/comments?post=5353"}],"wp:featuredmedia":[{"embeddable":true,"href":"https:\/\/fresco-europe.com\/fr\/wp-json\/wp\/v2\/media\/4818"}],"wp:attachment":[{"href":"https:\/\/fresco-europe.com\/fr\/wp-json\/wp\/v2\/media?parent=5353"}],"wp:term":[{"taxonomy":"product_brand","embeddable":true,"href":"https:\/\/fresco-europe.com\/fr\/wp-json\/wp\/v2\/product_brand?post=5353"},{"taxonomy":"product_cat","embeddable":true,"href":"https:\/\/fresco-europe.com\/fr\/wp-json\/wp\/v2\/product_cat?post=5353"},{"taxonomy":"product_tag","embeddable":true,"href":"https:\/\/fresco-europe.com\/fr\/wp-json\/wp\/v2\/product_tag?post=5353"}],"curies":[{"name":"wp","href":"https:\/\/api.w.org\/{rel}","templated":true}]}}