{"id":5352,"date":"2024-11-04T08:20:32","date_gmt":"2024-11-04T08:20:32","guid":{"rendered":"https:\/\/fresco-europe.com\/product\/gourde-amere\/"},"modified":"2024-12-07T19:58:19","modified_gmt":"2024-12-07T19:58:19","slug":"gourde-amere","status":"publish","type":"product","link":"https:\/\/fresco-europe.com\/fr\/product\/gourde-amere\/","title":{"rendered":"Gourde am\u00e8re"},"content":{"rendered":"","protected":false},"excerpt":{"rendered":"<p>Nous sommes reconnus comme les principaux producteurs de courge am\u00e8re en \u00c9gypte et en Tha\u00eflande.<\/p>\n<p>La courge am\u00e8re, \u00e9galement connue sous le nom de melon amer, est un l\u00e9gume unique connu pour sa saveur am\u00e8re distincte.<\/p>\n<p>Malgr\u00e9 son amertume, il est tr\u00e8s appr\u00e9ci\u00e9 pour ses bienfaits pour la sant\u00e9, car il est riche en vitamines C et A, en antioxydants et en fibres alimentaires. Disponible de novembre \u00e0 fin mai (Oman)<\/p>\n","protected":false},"featured_media":4820,"comment_status":"open","ping_status":"closed","template":"","meta":[],"product_brand":[],"product_cat":[60],"product_tag":[],"class_list":{"0":"post-5352","1":"product","2":"type-product","3":"status-publish","4":"has-post-thumbnail","6":"product_cat-vegetables","7":"nt-post-class","8":"","17":"first","18":"onbackorder","19":"shipping-taxable","20":"product-type-simple"},"_links":{"self":[{"href":"https:\/\/fresco-europe.com\/fr\/wp-json\/wp\/v2\/product\/5352","targetHints":{"allow":["GET"]}}],"collection":[{"href":"https:\/\/fresco-europe.com\/fr\/wp-json\/wp\/v2\/product"}],"about":[{"href":"https:\/\/fresco-europe.com\/fr\/wp-json\/wp\/v2\/types\/product"}],"replies":[{"embeddable":true,"href":"https:\/\/fresco-europe.com\/fr\/wp-json\/wp\/v2\/comments?post=5352"}],"wp:featuredmedia":[{"embeddable":true,"href":"https:\/\/fresco-europe.com\/fr\/wp-json\/wp\/v2\/media\/4820"}],"wp:attachment":[{"href":"https:\/\/fresco-europe.com\/fr\/wp-json\/wp\/v2\/media?parent=5352"}],"wp:term":[{"taxonomy":"product_brand","embeddable":true,"href":"https:\/\/fresco-europe.com\/fr\/wp-json\/wp\/v2\/product_brand?post=5352"},{"taxonomy":"product_cat","embeddable":true,"href":"https:\/\/fresco-europe.com\/fr\/wp-json\/wp\/v2\/product_cat?post=5352"},{"taxonomy":"product_tag","embeddable":true,"href":"https:\/\/fresco-europe.com\/fr\/wp-json\/wp\/v2\/product_tag?post=5352"}],"curies":[{"name":"wp","href":"https:\/\/api.w.org\/{rel}","templated":true}]}}