{"id":5351,"date":"2024-11-04T08:18:38","date_gmt":"2024-11-04T08:18:38","guid":{"rendered":"https:\/\/fresco-europe.com\/product\/aubergine-chinoise-violette\/"},"modified":"2024-12-07T19:58:19","modified_gmt":"2024-12-07T19:58:19","slug":"aubergine-chinoise-violette","status":"publish","type":"product","link":"https:\/\/fresco-europe.com\/fr\/product\/aubergine-chinoise-violette\/","title":{"rendered":"Aubergine chinoise violette"},"content":{"rendered":"","protected":false},"excerpt":{"rendered":"<p>Ce type d&#8217;aubergine a une peau violette brillante et est connue pour sa saveur douce et sa faible amertume par rapport aux autres vari\u00e9t\u00e9s. La chair est cr\u00e9meuse et tendre \u00e0 la cuisson. L&#8217;entreprise produit plus de 1 000 tonnes d&#8217;aubergines chinoises violettes fra\u00eeches de premi\u00e8re qualit\u00e9. Disponible de mi-novembre \u00e0 fin mai (Egypte)  <\/p>\n","protected":false},"featured_media":4822,"comment_status":"open","ping_status":"closed","template":"","meta":[],"product_brand":[],"product_cat":[60],"product_tag":[],"class_list":{"0":"post-5351","1":"product","2":"type-product","3":"status-publish","4":"has-post-thumbnail","6":"product_cat-vegetables","7":"nt-post-class","8":"","17":"first","18":"onbackorder","19":"shipping-taxable","20":"product-type-simple"},"_links":{"self":[{"href":"https:\/\/fresco-europe.com\/fr\/wp-json\/wp\/v2\/product\/5351","targetHints":{"allow":["GET"]}}],"collection":[{"href":"https:\/\/fresco-europe.com\/fr\/wp-json\/wp\/v2\/product"}],"about":[{"href":"https:\/\/fresco-europe.com\/fr\/wp-json\/wp\/v2\/types\/product"}],"replies":[{"embeddable":true,"href":"https:\/\/fresco-europe.com\/fr\/wp-json\/wp\/v2\/comments?post=5351"}],"wp:featuredmedia":[{"embeddable":true,"href":"https:\/\/fresco-europe.com\/fr\/wp-json\/wp\/v2\/media\/4822"}],"wp:attachment":[{"href":"https:\/\/fresco-europe.com\/fr\/wp-json\/wp\/v2\/media?parent=5351"}],"wp:term":[{"taxonomy":"product_brand","embeddable":true,"href":"https:\/\/fresco-europe.com\/fr\/wp-json\/wp\/v2\/product_brand?post=5351"},{"taxonomy":"product_cat","embeddable":true,"href":"https:\/\/fresco-europe.com\/fr\/wp-json\/wp\/v2\/product_cat?post=5351"},{"taxonomy":"product_tag","embeddable":true,"href":"https:\/\/fresco-europe.com\/fr\/wp-json\/wp\/v2\/product_tag?post=5351"}],"curies":[{"name":"wp","href":"https:\/\/api.w.org\/{rel}","templated":true}]}}