{"id":5350,"date":"2024-11-04T08:25:01","date_gmt":"2024-11-04T08:25:01","guid":{"rendered":"https:\/\/fresco-europe.com\/product\/agrumes\/"},"modified":"2024-12-07T19:58:21","modified_gmt":"2024-12-07T19:58:21","slug":"agrumes","status":"publish","type":"product","link":"https:\/\/fresco-europe.com\/fr\/product\/agrumes\/","title":{"rendered":"Agrumes"},"content":{"rendered":"","protected":false},"excerpt":{"rendered":"<p>Les exportations d\u2019agrumes se classent au troisi\u00e8me rang de Fresco, avec des exportations d\u00e9passant les 30 000 tonnes. La saison commence en d\u00e9cembre avec les oranges Navel, accompagn\u00e9es d&#8217;une grande vari\u00e9t\u00e9 de pamplemousses, de petits agrumes et de citrons. \u00c0 la mi-f\u00e9vrier, les oranges Valencia sont pr\u00eates \u00e0 \u00eatre r\u00e9colt\u00e9es, marquant le pic de la saison. Disponible de d\u00e9cembre \u00e0 fin juin (Egypte)<\/p>\n<p>  <\/p>\n","protected":false},"featured_media":4826,"comment_status":"open","ping_status":"closed","template":"","meta":[],"product_brand":[],"product_cat":[49],"product_tag":[],"class_list":{"0":"post-5350","1":"product","2":"type-product","3":"status-publish","4":"has-post-thumbnail","6":"product_cat-fruits","7":"nt-post-class","8":"","17":"first","18":"onbackorder","19":"shipping-taxable","20":"product-type-simple"},"_links":{"self":[{"href":"https:\/\/fresco-europe.com\/fr\/wp-json\/wp\/v2\/product\/5350","targetHints":{"allow":["GET"]}}],"collection":[{"href":"https:\/\/fresco-europe.com\/fr\/wp-json\/wp\/v2\/product"}],"about":[{"href":"https:\/\/fresco-europe.com\/fr\/wp-json\/wp\/v2\/types\/product"}],"replies":[{"embeddable":true,"href":"https:\/\/fresco-europe.com\/fr\/wp-json\/wp\/v2\/comments?post=5350"}],"wp:featuredmedia":[{"embeddable":true,"href":"https:\/\/fresco-europe.com\/fr\/wp-json\/wp\/v2\/media\/4826"}],"wp:attachment":[{"href":"https:\/\/fresco-europe.com\/fr\/wp-json\/wp\/v2\/media?parent=5350"}],"wp:term":[{"taxonomy":"product_brand","embeddable":true,"href":"https:\/\/fresco-europe.com\/fr\/wp-json\/wp\/v2\/product_brand?post=5350"},{"taxonomy":"product_cat","embeddable":true,"href":"https:\/\/fresco-europe.com\/fr\/wp-json\/wp\/v2\/product_cat?post=5350"},{"taxonomy":"product_tag","embeddable":true,"href":"https:\/\/fresco-europe.com\/fr\/wp-json\/wp\/v2\/product_tag?post=5350"}],"curies":[{"name":"wp","href":"https:\/\/api.w.org\/{rel}","templated":true}]}}