{"id":5348,"date":"2024-11-04T08:27:17","date_gmt":"2024-11-04T08:27:17","guid":{"rendered":"https:\/\/fresco-europe.com\/product\/concombre\/"},"modified":"2024-12-07T19:58:21","modified_gmt":"2024-12-07T19:58:21","slug":"concombre","status":"publish","type":"product","link":"https:\/\/fresco-europe.com\/fr\/product\/concombre\/","title":{"rendered":"Concombre"},"content":{"rendered":"","protected":false},"excerpt":{"rendered":"<p>Les concombres sont des l\u00e9gumes croustillants et rafra\u00eechissants couramment utilis\u00e9s dans les salades, les sandwichs et les cornichons. Ils ont g\u00e9n\u00e9ralement une forme longue et cylindrique et une peau lisse et vert fonc\u00e9. La chair est juteuse et contient de petites graines comestibles.<\/p>\n<p>Disponible de mi-octobre \u00e0 fin juin (Egypte)<\/p>\n","protected":false},"featured_media":4828,"comment_status":"open","ping_status":"closed","template":"","meta":[],"product_brand":[],"product_cat":[60],"product_tag":[],"class_list":{"0":"post-5348","1":"product","2":"type-product","3":"status-publish","4":"has-post-thumbnail","6":"product_cat-vegetables","7":"nt-post-class","8":"","17":"first","18":"onbackorder","19":"shipping-taxable","20":"product-type-simple"},"_links":{"self":[{"href":"https:\/\/fresco-europe.com\/fr\/wp-json\/wp\/v2\/product\/5348","targetHints":{"allow":["GET"]}}],"collection":[{"href":"https:\/\/fresco-europe.com\/fr\/wp-json\/wp\/v2\/product"}],"about":[{"href":"https:\/\/fresco-europe.com\/fr\/wp-json\/wp\/v2\/types\/product"}],"replies":[{"embeddable":true,"href":"https:\/\/fresco-europe.com\/fr\/wp-json\/wp\/v2\/comments?post=5348"}],"wp:featuredmedia":[{"embeddable":true,"href":"https:\/\/fresco-europe.com\/fr\/wp-json\/wp\/v2\/media\/4828"}],"wp:attachment":[{"href":"https:\/\/fresco-europe.com\/fr\/wp-json\/wp\/v2\/media?parent=5348"}],"wp:term":[{"taxonomy":"product_brand","embeddable":true,"href":"https:\/\/fresco-europe.com\/fr\/wp-json\/wp\/v2\/product_brand?post=5348"},{"taxonomy":"product_cat","embeddable":true,"href":"https:\/\/fresco-europe.com\/fr\/wp-json\/wp\/v2\/product_cat?post=5348"},{"taxonomy":"product_tag","embeddable":true,"href":"https:\/\/fresco-europe.com\/fr\/wp-json\/wp\/v2\/product_tag?post=5348"}],"curies":[{"name":"wp","href":"https:\/\/api.w.org\/{rel}","templated":true}]}}