{"id":5347,"date":"2024-11-04T09:13:14","date_gmt":"2024-11-04T09:13:14","guid":{"rendered":"https:\/\/fresco-europe.com\/product\/haricots-verts\/"},"modified":"2024-12-07T19:58:22","modified_gmt":"2024-12-07T19:58:22","slug":"haricots-verts","status":"publish","type":"product","link":"https:\/\/fresco-europe.com\/fr\/product\/haricots-verts\/","title":{"rendered":"Haricots verts"},"content":{"rendered":"","protected":false},"excerpt":{"rendered":"<p>Les haricots verts sont un l\u00e9gume populaire et polyvalent caract\u00e9ris\u00e9 par leurs gousses longues et minces qui sont g\u00e9n\u00e9ralement vert vif. Ils ont une texture croustillante et une saveur l\u00e9g\u00e8rement sucr\u00e9e, ce qui en fait un favori dans les salades. Fresco exporte environ 2000 tonnes.<\/p>\n<p>Disponible de novembre \u00e0 fin avril (Egypte)<\/p>\n","protected":false},"featured_media":4873,"comment_status":"open","ping_status":"closed","template":"","meta":[],"product_brand":[],"product_cat":[60],"product_tag":[],"class_list":{"0":"post-5347","1":"product","2":"type-product","3":"status-publish","4":"has-post-thumbnail","6":"product_cat-vegetables","7":"nt-post-class","8":"","17":"first","18":"onbackorder","19":"shipping-taxable","20":"product-type-simple"},"_links":{"self":[{"href":"https:\/\/fresco-europe.com\/fr\/wp-json\/wp\/v2\/product\/5347","targetHints":{"allow":["GET"]}}],"collection":[{"href":"https:\/\/fresco-europe.com\/fr\/wp-json\/wp\/v2\/product"}],"about":[{"href":"https:\/\/fresco-europe.com\/fr\/wp-json\/wp\/v2\/types\/product"}],"replies":[{"embeddable":true,"href":"https:\/\/fresco-europe.com\/fr\/wp-json\/wp\/v2\/comments?post=5347"}],"wp:featuredmedia":[{"embeddable":true,"href":"https:\/\/fresco-europe.com\/fr\/wp-json\/wp\/v2\/media\/4873"}],"wp:attachment":[{"href":"https:\/\/fresco-europe.com\/fr\/wp-json\/wp\/v2\/media?parent=5347"}],"wp:term":[{"taxonomy":"product_brand","embeddable":true,"href":"https:\/\/fresco-europe.com\/fr\/wp-json\/wp\/v2\/product_brand?post=5347"},{"taxonomy":"product_cat","embeddable":true,"href":"https:\/\/fresco-europe.com\/fr\/wp-json\/wp\/v2\/product_cat?post=5347"},{"taxonomy":"product_tag","embeddable":true,"href":"https:\/\/fresco-europe.com\/fr\/wp-json\/wp\/v2\/product_tag?post=5347"}],"curies":[{"name":"wp","href":"https:\/\/api.w.org\/{rel}","templated":true}]}}