{"id":5346,"date":"2024-11-04T08:31:18","date_gmt":"2024-11-04T08:31:18","guid":{"rendered":"https:\/\/fresco-europe.com\/product\/oignon-rouge-et-blanc\/"},"modified":"2024-12-07T19:58:22","modified_gmt":"2024-12-07T19:58:22","slug":"oignon-rouge-et-blanc","status":"publish","type":"product","link":"https:\/\/fresco-europe.com\/fr\/product\/oignon-rouge-et-blanc\/","title":{"rendered":"Oignon rouge et blanc"},"content":{"rendered":"","protected":false},"excerpt":{"rendered":"<p>Les oignons secs sont une culture cruciale dans notre plan d&#8217;exportation chaque ann\u00e9e.<br \/>\nLes oignons blancs ont une saveur plus douce et sont souvent utilis\u00e9s dans la cuisine, tandis que les oignons rouges sont l\u00e9g\u00e8rement plus sucr\u00e9s et souvent utilis\u00e9s crus dans les salades.<br \/>\nSur le plan nutritionnel, les oignons sont faibles en calories et riches en vitamines C et B6, en fibres et en antioxydants, offrant plusieurs avantages pour la sant\u00e9.<\/p>\n<p>Disponible de la mi-f\u00e9vrier \u00e0 la fin octobre (\u00c9gypte).<\/p>\n","protected":false},"featured_media":4830,"comment_status":"open","ping_status":"closed","template":"","meta":[],"product_brand":[],"product_cat":[60],"product_tag":[],"class_list":{"0":"post-5346","1":"product","2":"type-product","3":"status-publish","4":"has-post-thumbnail","6":"product_cat-vegetables","7":"nt-post-class","8":"","17":"first","18":"onbackorder","19":"shipping-taxable","20":"product-type-simple"},"_links":{"self":[{"href":"https:\/\/fresco-europe.com\/fr\/wp-json\/wp\/v2\/product\/5346","targetHints":{"allow":["GET"]}}],"collection":[{"href":"https:\/\/fresco-europe.com\/fr\/wp-json\/wp\/v2\/product"}],"about":[{"href":"https:\/\/fresco-europe.com\/fr\/wp-json\/wp\/v2\/types\/product"}],"replies":[{"embeddable":true,"href":"https:\/\/fresco-europe.com\/fr\/wp-json\/wp\/v2\/comments?post=5346"}],"wp:featuredmedia":[{"embeddable":true,"href":"https:\/\/fresco-europe.com\/fr\/wp-json\/wp\/v2\/media\/4830"}],"wp:attachment":[{"href":"https:\/\/fresco-europe.com\/fr\/wp-json\/wp\/v2\/media?parent=5346"}],"wp:term":[{"taxonomy":"product_brand","embeddable":true,"href":"https:\/\/fresco-europe.com\/fr\/wp-json\/wp\/v2\/product_brand?post=5346"},{"taxonomy":"product_cat","embeddable":true,"href":"https:\/\/fresco-europe.com\/fr\/wp-json\/wp\/v2\/product_cat?post=5346"},{"taxonomy":"product_tag","embeddable":true,"href":"https:\/\/fresco-europe.com\/fr\/wp-json\/wp\/v2\/product_tag?post=5346"}],"curies":[{"name":"wp","href":"https:\/\/api.w.org\/{rel}","templated":true}]}}