{"id":5345,"date":"2024-11-04T09:16:20","date_gmt":"2024-11-04T09:16:20","guid":{"rendered":"https:\/\/fresco-europe.com\/product\/patate-douce\/"},"modified":"2024-12-07T19:58:22","modified_gmt":"2024-12-07T19:58:22","slug":"patate-douce","status":"publish","type":"product","link":"https:\/\/fresco-europe.com\/fr\/product\/patate-douce\/","title":{"rendered":"Patate douce"},"content":{"rendered":"","protected":false},"excerpt":{"rendered":"<p>Les patates douces sont un produit cl\u00e9 dans nos fermes, elles deviennent l&#8217;une de nos gammes de cultures de la plus haute qualit\u00e9.<br \/>\nLes patates douces sont des tubercules riches en nutriments connus pour leur saveur sucr\u00e9e et leur texture cr\u00e9meuse. Ils existent en diff\u00e9rentes couleurs, chacune offrant un go\u00fbt et un profil nutritionnel uniques.<\/p>\n<p>Toute l&#8217;ann\u00e9e (Egypte)<\/p>\n","protected":false},"featured_media":4875,"comment_status":"open","ping_status":"closed","template":"","meta":[],"product_brand":[],"product_cat":[66],"product_tag":[],"class_list":{"0":"post-5345","1":"product","2":"type-product","3":"status-publish","4":"has-post-thumbnail","6":"product_cat-agriculture-products","7":"nt-post-class","8":"","17":"first","18":"onbackorder","19":"shipping-taxable","20":"product-type-simple"},"_links":{"self":[{"href":"https:\/\/fresco-europe.com\/fr\/wp-json\/wp\/v2\/product\/5345","targetHints":{"allow":["GET"]}}],"collection":[{"href":"https:\/\/fresco-europe.com\/fr\/wp-json\/wp\/v2\/product"}],"about":[{"href":"https:\/\/fresco-europe.com\/fr\/wp-json\/wp\/v2\/types\/product"}],"replies":[{"embeddable":true,"href":"https:\/\/fresco-europe.com\/fr\/wp-json\/wp\/v2\/comments?post=5345"}],"wp:featuredmedia":[{"embeddable":true,"href":"https:\/\/fresco-europe.com\/fr\/wp-json\/wp\/v2\/media\/4875"}],"wp:attachment":[{"href":"https:\/\/fresco-europe.com\/fr\/wp-json\/wp\/v2\/media?parent=5345"}],"wp:term":[{"taxonomy":"product_brand","embeddable":true,"href":"https:\/\/fresco-europe.com\/fr\/wp-json\/wp\/v2\/product_brand?post=5345"},{"taxonomy":"product_cat","embeddable":true,"href":"https:\/\/fresco-europe.com\/fr\/wp-json\/wp\/v2\/product_cat?post=5345"},{"taxonomy":"product_tag","embeddable":true,"href":"https:\/\/fresco-europe.com\/fr\/wp-json\/wp\/v2\/product_tag?post=5345"}],"curies":[{"name":"wp","href":"https:\/\/api.w.org\/{rel}","templated":true}]}}