{"id":5344,"date":"2024-11-04T08:16:33","date_gmt":"2024-11-04T08:16:33","guid":{"rendered":"https:\/\/fresco-europe.com\/product\/pomme-a-la-creme\/"},"modified":"2024-12-07T19:58:21","modified_gmt":"2024-12-07T19:58:21","slug":"pomme-a-la-creme","status":"publish","type":"product","link":"https:\/\/fresco-europe.com\/fr\/product\/pomme-a-la-creme\/","title":{"rendered":"Pomme \u00e0 la cr\u00e8me"},"content":{"rendered":"","protected":false},"excerpt":{"rendered":"<p>C&#8217;est un fruit tropical connu pour sa texture cr\u00e9meuse et sa saveur sucr\u00e9e. Le fruit a une peau verte et \u00e9cailleuse qui ressemble \u00e0 une pomme de pin et p\u00e8se g\u00e9n\u00e9ralement entre 0,5 et 2 livres.<br \/>\n\u00c0 l&#8217;int\u00e9rieur, la chair est blanc p\u00e2le ou vert clair. Disponible de septembre \u00e0 fin d\u00e9cembre (Egypte) <\/p>\n","protected":false},"featured_media":4877,"comment_status":"open","ping_status":"closed","template":"","meta":[],"product_brand":[],"product_cat":[49],"product_tag":[],"class_list":{"0":"post-5344","1":"product","2":"type-product","3":"status-publish","4":"has-post-thumbnail","6":"product_cat-fruits","7":"nt-post-class","8":"","17":"first","18":"onbackorder","19":"shipping-taxable","20":"product-type-simple"},"_links":{"self":[{"href":"https:\/\/fresco-europe.com\/fr\/wp-json\/wp\/v2\/product\/5344","targetHints":{"allow":["GET"]}}],"collection":[{"href":"https:\/\/fresco-europe.com\/fr\/wp-json\/wp\/v2\/product"}],"about":[{"href":"https:\/\/fresco-europe.com\/fr\/wp-json\/wp\/v2\/types\/product"}],"replies":[{"embeddable":true,"href":"https:\/\/fresco-europe.com\/fr\/wp-json\/wp\/v2\/comments?post=5344"}],"wp:featuredmedia":[{"embeddable":true,"href":"https:\/\/fresco-europe.com\/fr\/wp-json\/wp\/v2\/media\/4877"}],"wp:attachment":[{"href":"https:\/\/fresco-europe.com\/fr\/wp-json\/wp\/v2\/media?parent=5344"}],"wp:term":[{"taxonomy":"product_brand","embeddable":true,"href":"https:\/\/fresco-europe.com\/fr\/wp-json\/wp\/v2\/product_brand?post=5344"},{"taxonomy":"product_cat","embeddable":true,"href":"https:\/\/fresco-europe.com\/fr\/wp-json\/wp\/v2\/product_cat?post=5344"},{"taxonomy":"product_tag","embeddable":true,"href":"https:\/\/fresco-europe.com\/fr\/wp-json\/wp\/v2\/product_tag?post=5344"}],"curies":[{"name":"wp","href":"https:\/\/api.w.org\/{rel}","templated":true}]}}