{"id":5331,"date":"2024-11-04T09:21:04","date_gmt":"2024-11-04T09:21:04","guid":{"rendered":"https:\/\/fresco-europe.com\/product\/raisins\/"},"modified":"2024-12-07T19:58:21","modified_gmt":"2024-12-07T19:58:21","slug":"raisins","status":"publish","type":"product","link":"https:\/\/fresco-europe.com\/fr\/product\/raisins\/","title":{"rendered":"Raisins"},"content":{"rendered":"","protected":false},"excerpt":{"rendered":"<p>Nos exportations de raisins atteignent d\u00e9sormais plus de 1 000 tonnes de c\u00e9pages blancs et rouges. Les raisins sont de petits fruits ronds qui poussent en grappes sur les vignes et se d\u00e9clinent dans une vari\u00e9t\u00e9 de couleurs, notamment le vert, le rouge, le violet et le noir. Ils sont connus pour leur saveur sucr\u00e9e et juteuse. Disponible de mi-mai \u00e0 fin juillet (Egypte)  <\/p>\n","protected":false},"featured_media":4939,"comment_status":"open","ping_status":"closed","template":"","meta":[],"product_brand":[],"product_cat":[49],"product_tag":[],"class_list":{"0":"post-5331","1":"product","2":"type-product","3":"status-publish","4":"has-post-thumbnail","6":"product_cat-fruits","7":"nt-post-class","8":"","17":"first","18":"onbackorder","19":"shipping-taxable","20":"product-type-simple"},"_links":{"self":[{"href":"https:\/\/fresco-europe.com\/fr\/wp-json\/wp\/v2\/product\/5331","targetHints":{"allow":["GET"]}}],"collection":[{"href":"https:\/\/fresco-europe.com\/fr\/wp-json\/wp\/v2\/product"}],"about":[{"href":"https:\/\/fresco-europe.com\/fr\/wp-json\/wp\/v2\/types\/product"}],"replies":[{"embeddable":true,"href":"https:\/\/fresco-europe.com\/fr\/wp-json\/wp\/v2\/comments?post=5331"}],"wp:featuredmedia":[{"embeddable":true,"href":"https:\/\/fresco-europe.com\/fr\/wp-json\/wp\/v2\/media\/4939"}],"wp:attachment":[{"href":"https:\/\/fresco-europe.com\/fr\/wp-json\/wp\/v2\/media?parent=5331"}],"wp:term":[{"taxonomy":"product_brand","embeddable":true,"href":"https:\/\/fresco-europe.com\/fr\/wp-json\/wp\/v2\/product_brand?post=5331"},{"taxonomy":"product_cat","embeddable":true,"href":"https:\/\/fresco-europe.com\/fr\/wp-json\/wp\/v2\/product_cat?post=5331"},{"taxonomy":"product_tag","embeddable":true,"href":"https:\/\/fresco-europe.com\/fr\/wp-json\/wp\/v2\/product_tag?post=5331"}],"curies":[{"name":"wp","href":"https:\/\/api.w.org\/{rel}","templated":true}]}}