{"id":5329,"date":"2024-11-04T09:26:07","date_gmt":"2024-11-04T09:26:07","guid":{"rendered":"https:\/\/fresco-europe.com\/product\/taro\/"},"modified":"2024-12-07T19:58:22","modified_gmt":"2024-12-07T19:58:22","slug":"taro","status":"publish","type":"product","link":"https:\/\/fresco-europe.com\/fr\/product\/taro\/","title":{"rendered":"Taro"},"content":{"rendered":"","protected":false},"excerpt":{"rendered":"<p>Le taro est un l\u00e9gume-racine f\u00e9culent largement cultiv\u00e9 dans les r\u00e9gions tropicales et subtropicales du monde entier. Il a un ext\u00e9rieur rugueux et brun et une chair blanche ou violet p\u00e2le, souvent avec une saveur l\u00e9g\u00e8rement de noisette et une texture cr\u00e9meuse \u00e0 la cuisson.<\/p>\n<p>Toute l&#8217;ann\u00e9e<\/p>\n","protected":false},"featured_media":4883,"comment_status":"open","ping_status":"closed","template":"","meta":[],"product_brand":[],"product_cat":[60],"product_tag":[],"class_list":{"0":"post-5329","1":"product","2":"type-product","3":"status-publish","4":"has-post-thumbnail","6":"product_cat-vegetables","7":"nt-post-class","8":"","17":"first","18":"onbackorder","19":"shipping-taxable","20":"product-type-simple"},"_links":{"self":[{"href":"https:\/\/fresco-europe.com\/fr\/wp-json\/wp\/v2\/product\/5329","targetHints":{"allow":["GET"]}}],"collection":[{"href":"https:\/\/fresco-europe.com\/fr\/wp-json\/wp\/v2\/product"}],"about":[{"href":"https:\/\/fresco-europe.com\/fr\/wp-json\/wp\/v2\/types\/product"}],"replies":[{"embeddable":true,"href":"https:\/\/fresco-europe.com\/fr\/wp-json\/wp\/v2\/comments?post=5329"}],"wp:featuredmedia":[{"embeddable":true,"href":"https:\/\/fresco-europe.com\/fr\/wp-json\/wp\/v2\/media\/4883"}],"wp:attachment":[{"href":"https:\/\/fresco-europe.com\/fr\/wp-json\/wp\/v2\/media?parent=5329"}],"wp:term":[{"taxonomy":"product_brand","embeddable":true,"href":"https:\/\/fresco-europe.com\/fr\/wp-json\/wp\/v2\/product_brand?post=5329"},{"taxonomy":"product_cat","embeddable":true,"href":"https:\/\/fresco-europe.com\/fr\/wp-json\/wp\/v2\/product_cat?post=5329"},{"taxonomy":"product_tag","embeddable":true,"href":"https:\/\/fresco-europe.com\/fr\/wp-json\/wp\/v2\/product_tag?post=5329"}],"curies":[{"name":"wp","href":"https:\/\/api.w.org\/{rel}","templated":true}]}}