{"id":5328,"date":"2024-11-04T08:21:40","date_gmt":"2024-11-04T08:21:40","guid":{"rendered":"https:\/\/fresco-europe.com\/product\/karela-et-bebe-karela\/"},"modified":"2024-12-07T19:58:22","modified_gmt":"2024-12-07T19:58:22","slug":"karela-et-bebe-karela","status":"publish","type":"product","link":"https:\/\/fresco-europe.com\/fr\/product\/karela-et-bebe-karela\/","title":{"rendered":"Karela et b\u00e9b\u00e9 Karela"},"content":{"rendered":"","protected":false},"excerpt":{"rendered":"<p>Le karela est un l\u00e9gume unique et nutritif largement utilis\u00e9 dans les cuisines asiatiques et africaines. Il est connu pour son go\u00fbt amer distinct, qui peut \u00eatre une pr\u00e9f\u00e9rence acquise pour de nombreuses personnes. Le l\u00e9gume est g\u00e9n\u00e9ralement vert et a une peau bossel\u00e9e, et sa taille peut varier.<br \/>\nNous proposons plusieurs vari\u00e9t\u00e9s de karela, y compris le baby karela et le karela blanc.  <\/p>\n","protected":false},"featured_media":4961,"comment_status":"open","ping_status":"closed","template":"","meta":[],"product_brand":[],"product_cat":[60],"product_tag":[],"class_list":{"0":"post-5328","1":"product","2":"type-product","3":"status-publish","4":"has-post-thumbnail","6":"product_cat-vegetables","7":"nt-post-class","8":"","17":"first","18":"onbackorder","19":"shipping-taxable","20":"product-type-simple"},"_links":{"self":[{"href":"https:\/\/fresco-europe.com\/fr\/wp-json\/wp\/v2\/product\/5328","targetHints":{"allow":["GET"]}}],"collection":[{"href":"https:\/\/fresco-europe.com\/fr\/wp-json\/wp\/v2\/product"}],"about":[{"href":"https:\/\/fresco-europe.com\/fr\/wp-json\/wp\/v2\/types\/product"}],"replies":[{"embeddable":true,"href":"https:\/\/fresco-europe.com\/fr\/wp-json\/wp\/v2\/comments?post=5328"}],"wp:featuredmedia":[{"embeddable":true,"href":"https:\/\/fresco-europe.com\/fr\/wp-json\/wp\/v2\/media\/4961"}],"wp:attachment":[{"href":"https:\/\/fresco-europe.com\/fr\/wp-json\/wp\/v2\/media?parent=5328"}],"wp:term":[{"taxonomy":"product_brand","embeddable":true,"href":"https:\/\/fresco-europe.com\/fr\/wp-json\/wp\/v2\/product_brand?post=5328"},{"taxonomy":"product_cat","embeddable":true,"href":"https:\/\/fresco-europe.com\/fr\/wp-json\/wp\/v2\/product_cat?post=5328"},{"taxonomy":"product_tag","embeddable":true,"href":"https:\/\/fresco-europe.com\/fr\/wp-json\/wp\/v2\/product_tag?post=5328"}],"curies":[{"name":"wp","href":"https:\/\/api.w.org\/{rel}","templated":true}]}}