{"id":5325,"date":"2024-11-04T08:14:02","date_gmt":"2024-11-04T08:14:02","guid":{"rendered":"https:\/\/fresco-europe.com\/product\/coriandre\/"},"modified":"2024-12-07T19:58:24","modified_gmt":"2024-12-07T19:58:24","slug":"coriandre","status":"publish","type":"product","link":"https:\/\/fresco-europe.com\/fr\/product\/coriandre\/","title":{"rendered":"Coriandre"},"content":{"rendered":"","protected":false},"excerpt":{"rendered":"<p>\u00c9galement connue sous le nom de cilantro dans certaines r\u00e9gions, la coriandre est une bonne source de vitamines A, C et K, ainsi que d&#8217;acide folique et de plusieurs min\u00e9raux importants comme le fer, le calcium et le potassium.<br \/>\nElle contient \u00e9galement des antioxydants qui peuvent contribuer \u00e0 r\u00e9duire l&#8217;inflammation et \u00e0 favoriser la sant\u00e9 en g\u00e9n\u00e9ral.<\/p>\n","protected":false},"featured_media":5164,"comment_status":"open","ping_status":"closed","template":"","meta":[],"product_brand":[],"product_cat":[66],"product_tag":[],"class_list":{"0":"post-5325","1":"product","2":"type-product","3":"status-publish","4":"has-post-thumbnail","6":"product_cat-agriculture-products","7":"nt-post-class","8":"","17":"first","18":"onbackorder","19":"shipping-taxable","20":"product-type-simple"},"_links":{"self":[{"href":"https:\/\/fresco-europe.com\/fr\/wp-json\/wp\/v2\/product\/5325","targetHints":{"allow":["GET"]}}],"collection":[{"href":"https:\/\/fresco-europe.com\/fr\/wp-json\/wp\/v2\/product"}],"about":[{"href":"https:\/\/fresco-europe.com\/fr\/wp-json\/wp\/v2\/types\/product"}],"replies":[{"embeddable":true,"href":"https:\/\/fresco-europe.com\/fr\/wp-json\/wp\/v2\/comments?post=5325"}],"wp:featuredmedia":[{"embeddable":true,"href":"https:\/\/fresco-europe.com\/fr\/wp-json\/wp\/v2\/media\/5164"}],"wp:attachment":[{"href":"https:\/\/fresco-europe.com\/fr\/wp-json\/wp\/v2\/media?parent=5325"}],"wp:term":[{"taxonomy":"product_brand","embeddable":true,"href":"https:\/\/fresco-europe.com\/fr\/wp-json\/wp\/v2\/product_brand?post=5325"},{"taxonomy":"product_cat","embeddable":true,"href":"https:\/\/fresco-europe.com\/fr\/wp-json\/wp\/v2\/product_cat?post=5325"},{"taxonomy":"product_tag","embeddable":true,"href":"https:\/\/fresco-europe.com\/fr\/wp-json\/wp\/v2\/product_tag?post=5325"}],"curies":[{"name":"wp","href":"https:\/\/api.w.org\/{rel}","templated":true}]}}