{"id":5324,"date":"2024-11-04T08:19:57","date_gmt":"2024-11-04T08:19:57","guid":{"rendered":"https:\/\/fresco-europe.com\/product\/aubergine-ronde-thailandaise\/"},"modified":"2024-12-07T19:58:25","modified_gmt":"2024-12-07T19:58:25","slug":"aubergine-ronde-thailandaise","status":"publish","type":"product","link":"https:\/\/fresco-europe.com\/fr\/product\/aubergine-ronde-thailandaise\/","title":{"rendered":"Aubergine ronde tha\u00eflandaise"},"content":{"rendered":"","protected":false},"excerpt":{"rendered":"<p>Il est particuli\u00e8rement appr\u00e9ci\u00e9 dans les plats tha\u00eflandais, cambodgiens et vietnamiens, connu pour sa saveur l\u00e9g\u00e8rement am\u00e8re et sa texture ferme. Il est riche en fibres, antioxydants et vitamines.<\/p>\n<p> <\/p>\n","protected":false},"featured_media":5514,"comment_status":"open","ping_status":"closed","template":"","meta":[],"product_brand":[],"product_cat":[60],"product_tag":[],"class_list":{"0":"post-5324","1":"product","2":"type-product","3":"status-publish","4":"has-post-thumbnail","6":"product_cat-vegetables","7":"nt-post-class","8":"","17":"first","18":"onbackorder","19":"shipping-taxable","20":"product-type-simple"},"_links":{"self":[{"href":"https:\/\/fresco-europe.com\/fr\/wp-json\/wp\/v2\/product\/5324","targetHints":{"allow":["GET"]}}],"collection":[{"href":"https:\/\/fresco-europe.com\/fr\/wp-json\/wp\/v2\/product"}],"about":[{"href":"https:\/\/fresco-europe.com\/fr\/wp-json\/wp\/v2\/types\/product"}],"replies":[{"embeddable":true,"href":"https:\/\/fresco-europe.com\/fr\/wp-json\/wp\/v2\/comments?post=5324"}],"wp:featuredmedia":[{"embeddable":true,"href":"https:\/\/fresco-europe.com\/fr\/wp-json\/wp\/v2\/media\/5514"}],"wp:attachment":[{"href":"https:\/\/fresco-europe.com\/fr\/wp-json\/wp\/v2\/media?parent=5324"}],"wp:term":[{"taxonomy":"product_brand","embeddable":true,"href":"https:\/\/fresco-europe.com\/fr\/wp-json\/wp\/v2\/product_brand?post=5324"},{"taxonomy":"product_cat","embeddable":true,"href":"https:\/\/fresco-europe.com\/fr\/wp-json\/wp\/v2\/product_cat?post=5324"},{"taxonomy":"product_tag","embeddable":true,"href":"https:\/\/fresco-europe.com\/fr\/wp-json\/wp\/v2\/product_tag?post=5324"}],"curies":[{"name":"wp","href":"https:\/\/api.w.org\/{rel}","templated":true}]}}