{"id":5323,"date":"2024-11-04T08:22:50","date_gmt":"2024-11-04T08:22:50","guid":{"rendered":"https:\/\/fresco-europe.com\/product\/kaddu-long-et-rond\/"},"modified":"2024-12-07T19:58:25","modified_gmt":"2024-12-07T19:58:25","slug":"kaddu-long-et-rond","status":"publish","type":"product","link":"https:\/\/fresco-europe.com\/fr\/product\/kaddu-long-et-rond\/","title":{"rendered":"Kaddu long et rond<br>"},"content":{"rendered":"","protected":false},"excerpt":{"rendered":"<p>Kaddu fait r\u00e9f\u00e9rence \u00e0 des vari\u00e9t\u00e9s de courges ou de citrouilles souvent utilis\u00e9es dans diverses cuisines, notamment en Asie du Sud, en Asie du Sud-Est et dans certaines r\u00e9gions d&#8217;Afrique.<\/p>\n<p><\/p>\n","protected":false},"featured_media":4965,"comment_status":"open","ping_status":"closed","template":"","meta":[],"product_brand":[],"product_cat":[60],"product_tag":[],"class_list":{"0":"post-5323","1":"product","2":"type-product","3":"status-publish","4":"has-post-thumbnail","6":"product_cat-vegetables","7":"nt-post-class","8":"","17":"first","18":"onbackorder","19":"shipping-taxable","20":"product-type-simple"},"_links":{"self":[{"href":"https:\/\/fresco-europe.com\/fr\/wp-json\/wp\/v2\/product\/5323","targetHints":{"allow":["GET"]}}],"collection":[{"href":"https:\/\/fresco-europe.com\/fr\/wp-json\/wp\/v2\/product"}],"about":[{"href":"https:\/\/fresco-europe.com\/fr\/wp-json\/wp\/v2\/types\/product"}],"replies":[{"embeddable":true,"href":"https:\/\/fresco-europe.com\/fr\/wp-json\/wp\/v2\/comments?post=5323"}],"wp:featuredmedia":[{"embeddable":true,"href":"https:\/\/fresco-europe.com\/fr\/wp-json\/wp\/v2\/media\/4965"}],"wp:attachment":[{"href":"https:\/\/fresco-europe.com\/fr\/wp-json\/wp\/v2\/media?parent=5323"}],"wp:term":[{"taxonomy":"product_brand","embeddable":true,"href":"https:\/\/fresco-europe.com\/fr\/wp-json\/wp\/v2\/product_brand?post=5323"},{"taxonomy":"product_cat","embeddable":true,"href":"https:\/\/fresco-europe.com\/fr\/wp-json\/wp\/v2\/product_cat?post=5323"},{"taxonomy":"product_tag","embeddable":true,"href":"https:\/\/fresco-europe.com\/fr\/wp-json\/wp\/v2\/product_tag?post=5323"}],"curies":[{"name":"wp","href":"https:\/\/api.w.org\/{rel}","templated":true}]}}