{"id":5190,"date":"2020-12-06T21:17:40","date_gmt":"2020-12-06T21:17:40","guid":{"rendered":"https:\/\/fresco-europe.com\/nos-services\/"},"modified":"2024-12-07T12:11:46","modified_gmt":"2024-12-07T12:11:46","slug":"nos-services","status":"publish","type":"page","link":"https:\/\/fresco-europe.com\/fr\/nos-services\/","title":{"rendered":"Nos services"},"content":{"rendered":"\t\t<div data-elementor-type=\"wp-page\" data-elementor-id=\"5190\" class=\"elementor elementor-5190 elementor-1221\">\n\t\t\t\t\t\t<div class=\"elementor-section elementor-top-section elementor-element elementor-element-3211497 elementor-section-full_width elementor-section-height-default elementor-section-height-default\" data-id=\"3211497\" data-element_type=\"section\" data-e-type=\"section\">\n\t\t\t\t\t\t<div class=\"elementor-container elementor-column-gap-no\">\n\t\t\t\t\t<div class=\"elementor-column elementor-col-100 elementor-top-column elementor-element elementor-element-8207d06\" data-id=\"8207d06\" data-element_type=\"column\" data-e-type=\"column\">\n\t\t\t<div class=\"elementor-widget-wrap elementor-element-populated\">\n\t\t\t\t\t\t<div class=\"elementor-element elementor-element-6d3bcfb elementor-widget elementor-widget-agrikon-page-hero\" data-id=\"6d3bcfb\" data-element_type=\"widget\" data-e-type=\"widget\" data-widget_type=\"agrikon-page-hero.default\">\n\t\t\t\t<div class=\"elementor-widget-container\">\n\t\t\t\t\t<div class=\"page-header ripped-off\"><div class=\"page-header__bg\"><\/div><div class=\"container\"><div aria-label=\"Breadcrumbs\" class=\"breadcrumb-trail breadcrumbs\"><ul class=\"breadcrumbs thm-breadcrumb list-unstyled\"><li  class=\"trail-item breadcrumb_item trail-end breadcrumb_active\"><a href=\"https:\/\/fresco-europe.com\/fr\/\" rel=\"home\" itemprop=\"item\"><span>Home<\/span><\/a><\/li><\/ul><\/div><h2 class=\"page-title\">Nos services<\/h2><\/div><\/div>\t\t\t\t<\/div>\n\t\t\t\t<\/div>\n\t\t\t\t\t<\/div>\n\t\t<\/div>\n\t\t\t\t\t<\/div>\n\t\t<\/div>\n\t\t\t\t<div class=\"elementor-section elementor-top-section elementor-element elementor-element-6f87cd7 elementor-section-boxed elementor-section-height-default elementor-section-height-default\" data-id=\"6f87cd7\" data-element_type=\"section\" data-e-type=\"section\" data-settings=\"{&quot;background_background&quot;:&quot;classic&quot;}\">\n\t\t\t\t\t\t<div class=\"elementor-container elementor-column-gap-no\">\n\t\t\t\t\t<div class=\"elementor-column elementor-col-100 elementor-top-column elementor-element elementor-element-3ffac6d\" data-id=\"3ffac6d\" data-element_type=\"column\" data-e-type=\"column\">\n\t\t\t<div class=\"elementor-widget-wrap elementor-element-populated\">\n\t\t\t\t\t\t<div class=\"elementor-section elementor-inner-section elementor-element elementor-element-77a35e7 elementor-section-boxed elementor-section-height-default elementor-section-height-default\" data-id=\"77a35e7\" data-element_type=\"section\" data-e-type=\"section\">\n\t\t\t\t\t\t<div class=\"elementor-container elementor-column-gap-no\">\n\t\t\t\t\t<div class=\"elementor-column elementor-col-100 elementor-inner-column elementor-element elementor-element-9786074\" data-id=\"9786074\" data-element_type=\"column\" data-e-type=\"column\">\n\t\t\t<div class=\"elementor-widget-wrap elementor-element-populated\">\n\t\t\t\t\t\t<div class=\"elementor-element elementor-element-1cd367f elementor-widget elementor-widget-image\" data-id=\"1cd367f\" data-element_type=\"widget\" data-e-type=\"widget\" data-widget_type=\"image.default\">\n\t\t\t\t<div class=\"elementor-widget-container\">\n\t\t\t\t\t\t\t\t\t\t\t\t\t\t\t<img decoding=\"async\" src=\"https:\/\/fresco-europe.com\/wp-content\/uploads\/elementor\/thumbs\/logo-qvdn5z4794nkw9zxuaux1nvhuh8fo0ge8057hgjfi2.png\" title=\"logo\" alt=\"logo\" loading=\"lazy\" \/>\t\t\t\t\t\t\t\t\t\t\t\t\t\t\t<\/div>\n\t\t\t\t<\/div>\n\t\t\t\t<div class=\"elementor-element elementor-element-88637c0 agrikon-transform transform-type-translate elementor-widget elementor-widget-heading\" data-id=\"88637c0\" data-element_type=\"widget\" data-e-type=\"widget\" data-widget_type=\"heading.default\">\n\t\t\t\t<div class=\"elementor-widget-container\">\n\t\t\t\t\t<p class=\"elementor-heading-title elementor-size-default\">Liste de nos services<\/p>\t\t\t\t<\/div>\n\t\t\t\t<\/div>\n\t\t\t\t<div class=\"elementor-element elementor-element-d0ebc88 agrikon-transform transform-type-translate elementor-widget elementor-widget-heading\" data-id=\"d0ebc88\" data-element_type=\"widget\" data-e-type=\"widget\" data-widget_type=\"heading.default\">\n\t\t\t\t<div class=\"elementor-widget-container\">\n\t\t\t\t\t<h3 class=\"elementor-heading-title elementor-size-default\">Ce que nous faisons<\/h3>\t\t\t\t<\/div>\n\t\t\t\t<\/div>\n\t\t\t\t\t<\/div>\n\t\t<\/div>\n\t\t\t\t\t<\/div>\n\t\t<\/div>\n\t\t\t\t<div class=\"elementor-section elementor-inner-section elementor-element elementor-element-111c39d elementor-section-boxed elementor-section-height-default elementor-section-height-default\" data-id=\"111c39d\" data-element_type=\"section\" data-e-type=\"section\">\n\t\t\t\t\t\t<div class=\"elementor-container elementor-column-gap-default\">\n\t\t\t\t\t<div class=\"elementor-column elementor-col-33 elementor-inner-column elementor-element elementor-element-5237aa0\" data-id=\"5237aa0\" data-element_type=\"column\" data-e-type=\"column\">\n\t\t\t<div class=\"elementor-widget-wrap elementor-element-populated\">\n\t\t\t\t\t\t<div class=\"elementor-element elementor-element-a7f6322 elementor-widget elementor-widget-agrikon-services-item\" data-id=\"a7f6322\" data-element_type=\"widget\" data-e-type=\"widget\" data-widget_type=\"agrikon-services-item.default\">\n\t\t\t\t<div class=\"elementor-widget-container\">\n\t\t\t\t\t<div class=\"service-one__box services_item\"><img fetchpriority=\"high\" decoding=\"async\" width=\"500\" height=\"500\" src=\"https:\/\/fresco-europe.com\/wp-content\/uploads\/2024\/11\/WhatsApp-Image-2024-11-19-at-4.38.28-PM-500x500.jpeg\" class=\"s-img\" alt=\"\" srcset=\"https:\/\/fresco-europe.com\/wp-content\/uploads\/2024\/11\/WhatsApp-Image-2024-11-19-at-4.38.28-PM-500x500.jpeg 500w, https:\/\/fresco-europe.com\/wp-content\/uploads\/2024\/11\/WhatsApp-Image-2024-11-19-at-4.38.28-PM-150x150.jpeg 150w, https:\/\/fresco-europe.com\/wp-content\/uploads\/2024\/11\/WhatsApp-Image-2024-11-19-at-4.38.28-PM-450x450.jpeg 450w, https:\/\/fresco-europe.com\/wp-content\/uploads\/2024\/11\/WhatsApp-Image-2024-11-19-at-4.38.28-PM-100x100.jpeg 100w, https:\/\/fresco-europe.com\/wp-content\/uploads\/2024\/11\/WhatsApp-Image-2024-11-19-at-4.38.28-PM-50x50.jpeg 50w\" sizes=\"(max-width: 500px) 100vw, 500px\" \/><div class=\"service-one__box-content\"><h3 class=\"title\">Produits agricoles\n<\/h3><\/div><\/div>\t\t\t\t<\/div>\n\t\t\t\t<\/div>\n\t\t\t\t\t<\/div>\n\t\t<\/div>\n\t\t\t\t<div class=\"elementor-column elementor-col-33 elementor-inner-column elementor-element elementor-element-2da7532\" data-id=\"2da7532\" data-element_type=\"column\" data-e-type=\"column\">\n\t\t\t<div class=\"elementor-widget-wrap elementor-element-populated\">\n\t\t\t\t\t\t<div class=\"elementor-element elementor-element-d014172 elementor-widget elementor-widget-agrikon-services-item\" data-id=\"d014172\" data-element_type=\"widget\" data-e-type=\"widget\" data-widget_type=\"agrikon-services-item.default\">\n\t\t\t\t<div class=\"elementor-widget-container\">\n\t\t\t\t\t<div class=\"service-one__box services_item\"><img decoding=\"async\" width=\"500\" height=\"500\" src=\"https:\/\/fresco-europe.com\/wp-content\/uploads\/2024\/11\/WhatsApp-Image-2024-11-19-at-4.41.36-PM-500x500.jpeg\" class=\"s-img\" alt=\"\" srcset=\"https:\/\/fresco-europe.com\/wp-content\/uploads\/2024\/11\/WhatsApp-Image-2024-11-19-at-4.41.36-PM-500x500.jpeg 500w, https:\/\/fresco-europe.com\/wp-content\/uploads\/2024\/11\/WhatsApp-Image-2024-11-19-at-4.41.36-PM-150x150.jpeg 150w, https:\/\/fresco-europe.com\/wp-content\/uploads\/2024\/11\/WhatsApp-Image-2024-11-19-at-4.41.36-PM-450x450.jpeg 450w, https:\/\/fresco-europe.com\/wp-content\/uploads\/2024\/11\/WhatsApp-Image-2024-11-19-at-4.41.36-PM-100x100.jpeg 100w, https:\/\/fresco-europe.com\/wp-content\/uploads\/2024\/11\/WhatsApp-Image-2024-11-19-at-4.41.36-PM-50x50.jpeg 50w\" sizes=\"(max-width: 500px) 100vw, 500px\" \/><div class=\"service-one__box-content\"><h3 class=\"title\">L\u00e9gumes frais\n<\/h3><\/div><\/div>\t\t\t\t<\/div>\n\t\t\t\t<\/div>\n\t\t\t\t\t<\/div>\n\t\t<\/div>\n\t\t\t\t<div class=\"elementor-column elementor-col-33 elementor-inner-column elementor-element elementor-element-4acad91\" data-id=\"4acad91\" data-element_type=\"column\" data-e-type=\"column\">\n\t\t\t<div class=\"elementor-widget-wrap elementor-element-populated\">\n\t\t\t\t\t\t<div class=\"elementor-element elementor-element-d532e5f elementor-widget elementor-widget-agrikon-services-item\" data-id=\"d532e5f\" data-element_type=\"widget\" data-e-type=\"widget\" data-widget_type=\"agrikon-services-item.default\">\n\t\t\t\t<div class=\"elementor-widget-container\">\n\t\t\t\t\t<div class=\"service-one__box services_item\"><img decoding=\"async\" width=\"500\" height=\"500\" src=\"https:\/\/fresco-europe.com\/wp-content\/uploads\/2024\/11\/WhatsApp-Image-2024-11-19-at-4.51.12-PM-500x500.jpeg\" class=\"s-img\" alt=\"\" srcset=\"https:\/\/fresco-europe.com\/wp-content\/uploads\/2024\/11\/WhatsApp-Image-2024-11-19-at-4.51.12-PM-500x500.jpeg 500w, https:\/\/fresco-europe.com\/wp-content\/uploads\/2024\/11\/WhatsApp-Image-2024-11-19-at-4.51.12-PM-150x150.jpeg 150w, https:\/\/fresco-europe.com\/wp-content\/uploads\/2024\/11\/WhatsApp-Image-2024-11-19-at-4.51.12-PM-300x300.jpeg 300w, https:\/\/fresco-europe.com\/wp-content\/uploads\/2024\/11\/WhatsApp-Image-2024-11-19-at-4.51.12-PM-768x768.jpeg 768w, https:\/\/fresco-europe.com\/wp-content\/uploads\/2024\/11\/WhatsApp-Image-2024-11-19-at-4.51.12-PM-750x750.jpeg 750w, https:\/\/fresco-europe.com\/wp-content\/uploads\/2024\/11\/WhatsApp-Image-2024-11-19-at-4.51.12-PM-450x450.jpeg 450w, https:\/\/fresco-europe.com\/wp-content\/uploads\/2024\/11\/WhatsApp-Image-2024-11-19-at-4.51.12-PM-100x100.jpeg 100w, https:\/\/fresco-europe.com\/wp-content\/uploads\/2024\/11\/WhatsApp-Image-2024-11-19-at-4.51.12-PM-50x50.jpeg 50w, https:\/\/fresco-europe.com\/wp-content\/uploads\/2024\/11\/WhatsApp-Image-2024-11-19-at-4.51.12-PM.jpeg 800w\" sizes=\"(max-width: 500px) 100vw, 500px\" \/><div class=\"service-one__box-content\"><h3 class=\"title\">Fruits frais\n<\/h3><\/div><\/div>\t\t\t\t<\/div>\n\t\t\t\t<\/div>\n\t\t\t\t\t<\/div>\n\t\t<\/div>\n\t\t\t\t\t<\/div>\n\t\t<\/div>\n\t\t\t\t\t<\/div>\n\t\t<\/div>\n\t\t\t\t\t<\/div>\n\t\t<\/div>\n\t\t\t\t<div data-agrikon-parallax=\"{&quot;type&quot;:&quot;scroll&quot;,&quot;speed&quot;:&quot;0.2&quot;,&quot;imgsize&quot;:&quot;auto&quot;,&quot;imgsrc&quot;:&quot;https:\/\/fresco-europe.com\/wp-content\/uploads\/2020\/12\/cta-2-bg.jpg&quot;,&quot;mobile&quot;:&quot;&quot;}\" class=\"elementor-section elementor-top-section elementor-element elementor-element-5240ed4 nt-section section-padding agrikon-parallax jarallax parallax-yes elementor-section-boxed elementor-section-height-default elementor-section-height-default\" data-id=\"5240ed4\" data-element_type=\"section\" data-e-type=\"section\" data-settings=\"{&quot;background_background&quot;:&quot;classic&quot;}\">\n\t\t\t\t\t\t\t<div class=\"elementor-background-overlay\"><\/div>\n\t\t\t\t\t\t\t<div class=\"elementor-container elementor-column-gap-default\">\n\t\t\t\t\t<div class=\"elementor-column elementor-col-100 elementor-top-column elementor-element elementor-element-79dfbdb\" data-id=\"79dfbdb\" data-element_type=\"column\" data-e-type=\"column\">\n\t\t\t<div class=\"elementor-widget-wrap elementor-element-populated\">\n\t\t\t\t\t\t<div class=\"elementor-element elementor-element-d6180bf elementor-widget__width-initial agrikon-transform transform-type-translate elementor-widget elementor-widget-heading\" data-id=\"d6180bf\" data-element_type=\"widget\" data-e-type=\"widget\" data-widget_type=\"heading.default\">\n\t\t\t\t<div class=\"elementor-widget-container\">\n\t\t\t\t\t<h3 class=\"elementor-heading-title elementor-size-default\">L'agriculture est importante pour l'avenir<\/h3>\t\t\t\t<\/div>\n\t\t\t\t<\/div>\n\t\t\t\t<div class=\"elementor-element elementor-element-99639c6 elementor-widget elementor-widget-agrikon-button\" data-id=\"99639c6\" data-element_type=\"widget\" data-e-type=\"widget\" data-widget_type=\"agrikon-button.default\">\n\t\t\t\t<div class=\"elementor-widget-container\">\n\t\t\t\t\t<div class=\"agrikon-button\"><a class=\"agrikon-btn thm-btn \" href=\"https:\/\/fresco-europe.com\/fr\/nos-produits\/\">Savoir plus <\/a><\/div>\t\t\t\t<\/div>\n\t\t\t\t<\/div>\n\t\t\t\t\t<\/div>\n\t\t<\/div>\n\t\t\t\t\t<\/div>\n\t\t<\/div>\n\t\t\t\t<div class=\"elementor-section elementor-top-section elementor-element elementor-element-2c016a7 nt-section section-padding elementor-section-boxed elementor-section-height-default elementor-section-height-default\" data-id=\"2c016a7\" data-element_type=\"section\" data-e-type=\"section\">\n\t\t\t\t\t\t<div class=\"elementor-container elementor-column-gap-no\">\n\t\t\t\t\t<div class=\"elementor-column elementor-col-50 elementor-top-column elementor-element elementor-element-e74a44f\" data-id=\"e74a44f\" data-element_type=\"column\" data-e-type=\"column\">\n\t\t\t<div class=\"elementor-widget-wrap elementor-element-populated\">\n\t\t\t\t\t\t<div class=\"elementor-element elementor-element-ba26648 elementor-widget elementor-widget-image\" data-id=\"ba26648\" data-element_type=\"widget\" data-e-type=\"widget\" data-widget_type=\"image.default\">\n\t\t\t\t<div class=\"elementor-widget-container\">\n\t\t\t\t\t\t\t\t\t\t\t\t\t\t\t<img decoding=\"async\" src=\"https:\/\/fresco-europe.com\/wp-content\/uploads\/elementor\/thumbs\/logo-qvdn5z4794nkw9zxuaux1nvhuh8fo0ge8057hgjfi2.png\" title=\"logo\" alt=\"logo\" loading=\"lazy\" \/>\t\t\t\t\t\t\t\t\t\t\t\t\t\t\t<\/div>\n\t\t\t\t<\/div>\n\t\t\t\t<div class=\"elementor-element elementor-element-8adbdba agrikon-transform transform-type-translate elementor-widget elementor-widget-heading\" data-id=\"8adbdba\" data-element_type=\"widget\" data-e-type=\"widget\" data-widget_type=\"heading.default\">\n\t\t\t\t<div class=\"elementor-widget-container\">\n\t\t\t\t\t<p class=\"elementor-heading-title elementor-size-default\">Ce que nous proposons<\/p>\t\t\t\t<\/div>\n\t\t\t\t<\/div>\n\t\t\t\t<div class=\"elementor-element elementor-element-ef31bbb agrikon-transform transform-type-translate elementor-widget elementor-widget-heading\" data-id=\"ef31bbb\" data-element_type=\"widget\" data-e-type=\"widget\" data-widget_type=\"heading.default\">\n\t\t\t\t<div class=\"elementor-widget-container\">\n\t\t\t\t\t<h3 class=\"elementor-heading-title elementor-size-default\">Nos services<\/h3>\t\t\t\t<\/div>\n\t\t\t\t<\/div>\n\t\t\t\t<div class=\"elementor-section elementor-inner-section elementor-element elementor-element-b524dba elementor-section-boxed elementor-section-height-default elementor-section-height-default\" data-id=\"b524dba\" data-element_type=\"section\" data-e-type=\"section\">\n\t\t\t\t\t\t<div class=\"elementor-container elementor-column-gap-no\">\n\t\t\t\t\t<div class=\"elementor-column elementor-col-100 elementor-inner-column elementor-element elementor-element-9bda0d8\" data-id=\"9bda0d8\" data-element_type=\"column\" data-e-type=\"column\">\n\t\t\t<div class=\"elementor-widget-wrap elementor-element-populated\">\n\t\t\t\t\t\t<div class=\"elementor-element elementor-element-db4597e elementor-align-start theme-transition elementor-icon-list--layout-traditional elementor-list-item-link-full_width elementor-widget elementor-widget-icon-list\" data-id=\"db4597e\" data-element_type=\"widget\" data-e-type=\"widget\" data-widget_type=\"icon-list.default\">\n\t\t\t\t<div class=\"elementor-widget-container\">\n\t\t\t\t\t\t\t<ul class=\"elementor-icon-list-items\">\n\t\t\t\t\t\t\t<li class=\"elementor-icon-list-item\">\n\t\t\t\t\t\t\t\t\t\t\t<span class=\"elementor-icon-list-icon\">\n\t\t\t\t\t\t\t<svg aria-hidden=\"true\" class=\"e-font-icon-svg e-fas-check-circle\" viewBox=\"0 0 512 512\" xmlns=\"http:\/\/www.w3.org\/2000\/svg\"><path d=\"M504 256c0 136.967-111.033 248-248 248S8 392.967 8 256 119.033 8 256 8s248 111.033 248 248zM227.314 387.314l184-184c6.248-6.248 6.248-16.379 0-22.627l-22.627-22.627c-6.248-6.249-16.379-6.249-22.628 0L216 308.118l-70.059-70.059c-6.248-6.248-16.379-6.248-22.628 0l-22.627 22.627c-6.248 6.248-6.248 16.379 0 22.627l104 104c6.249 6.249 16.379 6.249 22.628.001z\"><\/path><\/svg>\t\t\t\t\t\t<\/span>\n\t\t\t\t\t\t\t\t\t\t<span class=\"elementor-icon-list-text\">Nous fournissons des services de livraison fiables et ponctuels afin de garantir que vos produits frais vous parviennent en parfait \u00e9tat.<\/span>\n\t\t\t\t\t\t\t\t\t<\/li>\n\t\t\t\t\t\t\t\t<li class=\"elementor-icon-list-item\">\n\t\t\t\t\t\t\t\t\t\t\t<span class=\"elementor-icon-list-icon\">\n\t\t\t\t\t\t\t<svg aria-hidden=\"true\" class=\"e-font-icon-svg e-fas-check-circle\" viewBox=\"0 0 512 512\" xmlns=\"http:\/\/www.w3.org\/2000\/svg\"><path d=\"M504 256c0 136.967-111.033 248-248 248S8 392.967 8 256 119.033 8 256 8s248 111.033 248 248zM227.314 387.314l184-184c6.248-6.248 6.248-16.379 0-22.627l-22.627-22.627c-6.248-6.249-16.379-6.249-22.628 0L216 308.118l-70.059-70.059c-6.248-6.248-16.379-6.248-22.628 0l-22.627 22.627c-6.248 6.248-6.248 16.379 0 22.627l104 104c6.249 6.249 16.379 6.249 22.628.001z\"><\/path><\/svg>\t\t\t\t\t\t<\/span>\n\t\t\t\t\t\t\t\t\t\t<span class=\"elementor-icon-list-text\">Notre \u00e9quipe d'assistance \u00e0 la client\u00e8le est \u00e0 votre disposition pour r\u00e9pondre \u00e0 vos questions, vous fournir des informations sur les produits ou ajuster vos commandes. Votre satisfaction est notre priorit\u00e9.<\/span>\n\t\t\t\t\t\t\t\t\t<\/li>\n\t\t\t\t\t\t\t\t<li class=\"elementor-icon-list-item\">\n\t\t\t\t\t\t\t\t\t\t\t<span class=\"elementor-icon-list-icon\">\n\t\t\t\t\t\t\t<svg aria-hidden=\"true\" class=\"e-font-icon-svg e-fas-check-circle\" viewBox=\"0 0 512 512\" xmlns=\"http:\/\/www.w3.org\/2000\/svg\"><path d=\"M504 256c0 136.967-111.033 248-248 248S8 392.967 8 256 119.033 8 256 8s248 111.033 248 248zM227.314 387.314l184-184c6.248-6.248 6.248-16.379 0-22.627l-22.627-22.627c-6.248-6.249-16.379-6.249-22.628 0L216 308.118l-70.059-70.059c-6.248-6.248-16.379-6.248-22.628 0l-22.627 22.627c-6.248 6.248-6.248 16.379 0 22.627l104 104c6.249 6.249 16.379 6.249 22.628.001z\"><\/path><\/svg>\t\t\t\t\t\t<\/span>\n\t\t\t\t\t\t\t\t\t\t<span class=\"elementor-icon-list-text\">Nous proposons des d\u00e9lais de livraison flexibles, choisissez le plan qui correspond \u00e0 vos besoins : livraison hebdomadaire, bihebdomadaire ou mensuelle, avec la possibilit\u00e9 d'ajuster les quantit\u00e9s ou de sauter des livraisons si n\u00e9cessaire. <\/span>\n\t\t\t\t\t\t\t\t\t<\/li>\n\t\t\t\t\t\t<\/ul>\n\t\t\t\t\t\t<\/div>\n\t\t\t\t<\/div>\n\t\t\t\t\t<\/div>\n\t\t<\/div>\n\t\t\t\t\t<\/div>\n\t\t<\/div>\n\t\t\t\t\t<\/div>\n\t\t<\/div>\n\t\t\t\t<div class=\"elementor-column elementor-col-50 elementor-top-column elementor-element elementor-element-820ef5f\" data-id=\"820ef5f\" data-element_type=\"column\" data-e-type=\"column\">\n\t\t\t<div class=\"elementor-widget-wrap elementor-element-populated\">\n\t\t\t\t\t\t<div class=\"elementor-element elementor-element-1e91336 elementor-widget elementor-widget-image\" data-id=\"1e91336\" data-element_type=\"widget\" data-e-type=\"widget\" data-widget_type=\"image.default\">\n\t\t\t\t<div class=\"elementor-widget-container\">\n\t\t\t\t\t\t\t\t\t\t\t\t\t\t\t\t<a href=\"https:\/\/fresco-europe.com\/products\/\">\n\t\t\t\t\t\t\t<img loading=\"lazy\" decoding=\"async\" width=\"750\" height=\"750\" src=\"https:\/\/fresco-europe.com\/wp-content\/uploads\/2024\/11\/3_20240826_140555_0000-750x750.webp\" class=\"attachment-agrikon-grid size-agrikon-grid wp-image-5142\" alt=\"\" srcset=\"https:\/\/fresco-europe.com\/wp-content\/uploads\/2024\/11\/3_20240826_140555_0000-750x750.webp 750w, https:\/\/fresco-europe.com\/wp-content\/uploads\/2024\/11\/3_20240826_140555_0000-150x150.webp 150w, https:\/\/fresco-europe.com\/wp-content\/uploads\/2024\/11\/3_20240826_140555_0000-300x300.webp 300w, https:\/\/fresco-europe.com\/wp-content\/uploads\/2024\/11\/3_20240826_140555_0000-768x768.webp 768w, https:\/\/fresco-europe.com\/wp-content\/uploads\/2024\/11\/3_20240826_140555_0000-1024x1024.webp 1024w, https:\/\/fresco-europe.com\/wp-content\/uploads\/2024\/11\/3_20240826_140555_0000-1536x1536.webp 1536w, https:\/\/fresco-europe.com\/wp-content\/uploads\/2024\/11\/3_20240826_140555_0000-2048x2048.webp 2048w, https:\/\/fresco-europe.com\/wp-content\/uploads\/2024\/11\/3_20240826_140555_0000-500x500.webp 500w, https:\/\/fresco-europe.com\/wp-content\/uploads\/2024\/11\/3_20240826_140555_0000-450x450.webp 450w, https:\/\/fresco-europe.com\/wp-content\/uploads\/2024\/11\/3_20240826_140555_0000-980x980.webp 980w, https:\/\/fresco-europe.com\/wp-content\/uploads\/2024\/11\/3_20240826_140555_0000-100x100.webp 100w, https:\/\/fresco-europe.com\/wp-content\/uploads\/2024\/11\/3_20240826_140555_0000-50x50.webp 50w\" sizes=\"(max-width: 750px) 100vw, 750px\" \/>\t\t\t\t\t\t\t\t<\/a>\n\t\t\t\t\t\t\t\t\t\t\t\t\t\t\t<\/div>\n\t\t\t\t<\/div>\n\t\t\t\t\t<\/div>\n\t\t<\/div>\n\t\t\t\t\t<\/div>\n\t\t<\/div>\n\t\t\t\t<div class=\"elementor-section elementor-top-section elementor-element elementor-element-a1e5d60 elementor-section-full_width elementor-section-height-default elementor-section-height-default\" data-id=\"a1e5d60\" data-element_type=\"section\" data-e-type=\"section\">\n\t\t\t\t\t\t<div class=\"elementor-container elementor-column-gap-no\">\n\t\t\t\t\t<div class=\"elementor-column elementor-col-100 elementor-top-column elementor-element elementor-element-f58288d\" data-id=\"f58288d\" data-element_type=\"column\" data-e-type=\"column\">\n\t\t\t<div class=\"elementor-widget-wrap elementor-element-populated\">\n\t\t\t\t\t\t<div class=\"elementor-element elementor-element-1781788 elementor-widget elementor-widget-agrikon-cta-one\" data-id=\"1781788\" data-element_type=\"widget\" data-e-type=\"widget\" data-widget_type=\"agrikon-cta-one.default\">\n\t\t\t\t<div class=\"elementor-widget-container\">\n\t\t\t\t\t<div class=\"call-to-action__three jarallax agrikon-parallax\" data-jarallax data-speed=\"0.3\" data-imgPosition=\"50% 50%\"><div class=\"container\"><div class=\"row\"><div class=\"col-lg-5 wow fadeInLeft\" data-wow-duration=\"1500ms\"><div class=\"call-to-action__three-image\"><img loading=\"lazy\" decoding=\"async\" width=\"330\" height=\"432\" src=\"https:\/\/fresco-europe.com\/wp-content\/uploads\/2020\/12\/cta-3-1.jpg\" class=\"c-img\" alt=\"\" srcset=\"https:\/\/fresco-europe.com\/wp-content\/uploads\/2020\/12\/cta-3-1.jpg 330w, https:\/\/fresco-europe.com\/wp-content\/uploads\/2020\/12\/cta-3-1-229x300.jpg 229w\" sizes=\"(max-width: 330px) 100vw, 330px\" \/><img loading=\"lazy\" decoding=\"async\" width=\"270\" height=\"272\" src=\"https:\/\/fresco-europe.com\/wp-content\/uploads\/2020\/12\/cta-3-2.jpg\" class=\"c-img\" alt=\"\" srcset=\"https:\/\/fresco-europe.com\/wp-content\/uploads\/2020\/12\/cta-3-2.jpg 270w, https:\/\/fresco-europe.com\/wp-content\/uploads\/2020\/12\/cta-3-2-150x150.jpg 150w, https:\/\/fresco-europe.com\/wp-content\/uploads\/2020\/12\/cta-3-2-100x100.jpg 100w\" sizes=\"(max-width: 270px) 100vw, 270px\" \/><\/div><\/div><div class=\"col-lg-7\"><div class=\"call-to-action__three-content\"><h3 class=\"title\">Fournir des produits de haute qualit\u00e9\n<\/h3><a  class=\"agrikon-btn thm-btn\" href=\"https:\/\/fresco-europe.com\/fr\/nos-produits\/\">Savoir plus<\/a><\/div><\/div><\/div><\/div><\/div>\t\t\t\t<\/div>\n\t\t\t\t<\/div>\n\t\t\t\t\t<\/div>\n\t\t<\/div>\n\t\t\t\t\t<\/div>\n\t\t<\/div>\n\t\t\t\t<\/div>\n\t\t","protected":false},"excerpt":{"rendered":"<p>Home Nos services Liste de nos services Ce que nous faisons Produits agricoles L\u00e9gumes frais Fruits frais L&#8217;agriculture est importante pour l&#8217;avenir Savoir plus Ce que nous proposons Nos services Nous fournissons des services de livraison fiables et ponctuels afin de garantir que vos produits frais vous parviennent en parfait \u00e9tat. Notre \u00e9quipe d&#8217;assistance \u00e0&#8230;<\/p>\n","protected":false},"author":1,"featured_media":0,"parent":0,"menu_order":0,"comment_status":"closed","ping_status":"closed","template":"","meta":{"footnotes":""},"class_list":{"0":"post-5190","1":"page","2":"type-page","3":"status-publish","4":"hentry","5":"nt-post-class","6":"","8":"thumb-none","10":"excerpt-none"},"_links":{"self":[{"href":"https:\/\/fresco-europe.com\/fr\/wp-json\/wp\/v2\/pages\/5190","targetHints":{"allow":["GET"]}}],"collection":[{"href":"https:\/\/fresco-europe.com\/fr\/wp-json\/wp\/v2\/pages"}],"about":[{"href":"https:\/\/fresco-europe.com\/fr\/wp-json\/wp\/v2\/types\/page"}],"author":[{"embeddable":true,"href":"https:\/\/fresco-europe.com\/fr\/wp-json\/wp\/v2\/users\/1"}],"replies":[{"embeddable":true,"href":"https:\/\/fresco-europe.com\/fr\/wp-json\/wp\/v2\/comments?post=5190"}],"version-history":[{"count":13,"href":"https:\/\/fresco-europe.com\/fr\/wp-json\/wp\/v2\/pages\/5190\/revisions"}],"predecessor-version":[{"id":5457,"href":"https:\/\/fresco-europe.com\/fr\/wp-json\/wp\/v2\/pages\/5190\/revisions\/5457"}],"wp:attachment":[{"href":"https:\/\/fresco-europe.com\/fr\/wp-json\/wp\/v2\/media?parent=5190"}],"curies":[{"name":"wp","href":"https:\/\/api.w.org\/{rel}","templated":true}]}}