{"id":5510,"date":"2024-11-04T08:15:27","date_gmt":"2024-11-04T08:15:27","guid":{"rendered":"https:\/\/fresco-europe.com\/product\/mango\/"},"modified":"2024-11-04T08:15:27","modified_gmt":"2024-11-04T08:15:27","slug":"mango","status":"publish","type":"product","link":"https:\/\/fresco-europe.com\/de\/product\/mango\/","title":{"rendered":"Mango"},"content":{"rendered":"","protected":false},"excerpt":{"rendered":"<p>Fresco hat erfolgreich Partner auf der ganzen Welt mit den besten Mangos beliefert.<br \/> Unsere Mango-Exporte haben inzwischen \u00fcber 12.000 Tonnen k\u00f6stlicher Sorten erreicht. \u00c4gyptische Mangos sind eine gesch\u00e4tzte Sorte, die f\u00fcr ihre au\u00dfergew\u00f6hnliche S\u00fc\u00dfe und ihren reichen Geschmack bekannt ist. Sie haben typischerweise eine leuchtend gelb-orangefarbene Haut, oft mit einer leichten R\u00f6te. Das Fruchtfleisch ist saftig und faserig und hat eine glatte Textur, die auf der Zunge zergeht.<\/p>\n<p>Verf\u00fcgbar von Mitte Juli bis Mitte November (\u00c4gypten)<\/p>\n","protected":false},"featured_media":4812,"comment_status":"open","ping_status":"closed","template":"","meta":[],"product_brand":[],"product_cat":[49],"product_tag":[],"class_list":{"0":"post-5510","1":"product","2":"type-product","3":"status-publish","4":"has-post-thumbnail","6":"product_cat-fruits","7":"nt-post-class","8":"","17":"first","18":"onbackorder","19":"shipping-taxable","20":"product-type-simple"},"_links":{"self":[{"href":"https:\/\/fresco-europe.com\/de\/wp-json\/wp\/v2\/product\/5510","targetHints":{"allow":["GET"]}}],"collection":[{"href":"https:\/\/fresco-europe.com\/de\/wp-json\/wp\/v2\/product"}],"about":[{"href":"https:\/\/fresco-europe.com\/de\/wp-json\/wp\/v2\/types\/product"}],"replies":[{"embeddable":true,"href":"https:\/\/fresco-europe.com\/de\/wp-json\/wp\/v2\/comments?post=5510"}],"wp:featuredmedia":[{"embeddable":true,"href":"https:\/\/fresco-europe.com\/de\/wp-json\/wp\/v2\/media\/4812"}],"wp:attachment":[{"href":"https:\/\/fresco-europe.com\/de\/wp-json\/wp\/v2\/media?parent=5510"}],"wp:term":[{"taxonomy":"product_brand","embeddable":true,"href":"https:\/\/fresco-europe.com\/de\/wp-json\/wp\/v2\/product_brand?post=5510"},{"taxonomy":"product_cat","embeddable":true,"href":"https:\/\/fresco-europe.com\/de\/wp-json\/wp\/v2\/product_cat?post=5510"},{"taxonomy":"product_tag","embeddable":true,"href":"https:\/\/fresco-europe.com\/de\/wp-json\/wp\/v2\/product_tag?post=5510"}],"curies":[{"name":"wp","href":"https:\/\/api.w.org\/{rel}","templated":true}]}}