{"id":5508,"date":"2020-12-09T08:30:18","date_gmt":"2020-12-09T08:30:18","guid":{"rendered":"https:\/\/fresco-europe.com\/product\/guava\/"},"modified":"2020-12-09T08:30:18","modified_gmt":"2020-12-09T08:30:18","slug":"guava","status":"publish","type":"product","link":"https:\/\/fresco-europe.com\/de\/product\/guava\/","title":{"rendered":"Guava"},"content":{"rendered":"","protected":false},"excerpt":{"rendered":"<p>Die Guavenproduktion gilt mit Exporten von \u00fcber 35.000 Tonnen als gr\u00f6\u00dfte Zweiternte von Fresco.<br \/> Es hat typischerweise eine runde oder ovale Form mit einer glatten, d\u00fcnnen Schale, deren Farbe von Gr\u00fcn \u00fcber Gelb bis hin zu Rosa reichen kann. Im Inneren haben Guaven ein saftiges, duftendes Fruchtfleisch, das je nach Sorte wei\u00df, rosa oder rot sein kann und mit kleinen, essbaren Samen gef\u00fcllt ist. Der Geschmack der Guave ist s\u00fc\u00df und aromatisch. Es ist reich an Vitamin A und C, Ballaststoffen und Antioxidantien.<\/p>\n<p>Verf\u00fcgbar von Mitte August bis Ende Juni (\u00c4gypten)<\/p>\n","protected":false},"featured_media":4940,"comment_status":"open","ping_status":"closed","template":"","meta":[],"product_brand":[],"product_cat":[49],"product_tag":[],"class_list":{"0":"post-5508","1":"product","2":"type-product","3":"status-publish","4":"has-post-thumbnail","6":"product_cat-fruits","7":"nt-post-class","8":"","17":"first","18":"onbackorder","19":"featured","20":"shipping-taxable","21":"product-type-simple"},"_links":{"self":[{"href":"https:\/\/fresco-europe.com\/de\/wp-json\/wp\/v2\/product\/5508","targetHints":{"allow":["GET"]}}],"collection":[{"href":"https:\/\/fresco-europe.com\/de\/wp-json\/wp\/v2\/product"}],"about":[{"href":"https:\/\/fresco-europe.com\/de\/wp-json\/wp\/v2\/types\/product"}],"replies":[{"embeddable":true,"href":"https:\/\/fresco-europe.com\/de\/wp-json\/wp\/v2\/comments?post=5508"}],"wp:featuredmedia":[{"embeddable":true,"href":"https:\/\/fresco-europe.com\/de\/wp-json\/wp\/v2\/media\/4940"}],"wp:attachment":[{"href":"https:\/\/fresco-europe.com\/de\/wp-json\/wp\/v2\/media?parent=5508"}],"wp:term":[{"taxonomy":"product_brand","embeddable":true,"href":"https:\/\/fresco-europe.com\/de\/wp-json\/wp\/v2\/product_brand?post=5508"},{"taxonomy":"product_cat","embeddable":true,"href":"https:\/\/fresco-europe.com\/de\/wp-json\/wp\/v2\/product_cat?post=5508"},{"taxonomy":"product_tag","embeddable":true,"href":"https:\/\/fresco-europe.com\/de\/wp-json\/wp\/v2\/product_tag?post=5508"}],"curies":[{"name":"wp","href":"https:\/\/api.w.org\/{rel}","templated":true}]}}