{"id":5477,"date":"2024-11-04T07:51:20","date_gmt":"2024-11-04T07:51:20","guid":{"rendered":"https:\/\/fresco-europe.com\/product\/indische-okra\/"},"modified":"2024-11-04T07:51:20","modified_gmt":"2024-11-04T07:51:20","slug":"indische-okra","status":"publish","type":"product","link":"https:\/\/fresco-europe.com\/de\/product\/indische-okra\/","title":{"rendered":"Indische Okra"},"content":{"rendered":"","protected":false},"excerpt":{"rendered":"<p>Wir sind unglaublich stolz auf unsere indische Okra. Fresco kultiviert mehr als 1000 Feddan in \u00c4gypten, Oman und Thailand. Das Unternehmen produziert mehr als 100.000 Tonnen frische indische Okra in Premiumqualit\u00e4t.<br \/>\n<br \/>It is a popular vegetable in Indian cuisine. Es hat eine lange, schlanke Form mit einer leicht gerippten Textur und einer leuchtend gr\u00fcnen Farbe. Die Schoten k\u00f6nnen bis zu 6 Zoll lang werden und haben ein charakteristisches, essbares, mit Samen gef\u00fclltes Inneres.<\/p>\n<p>Verf\u00fcgbar von Mitte April bis Mitte November (\u00c4gypten)<\/p>\n<p>Ganzes Jahr (Oman)<\/p>\n","protected":false},"featured_media":4814,"comment_status":"open","ping_status":"closed","template":"","meta":[],"product_brand":[],"product_cat":[60],"product_tag":[],"class_list":{"0":"post-5477","1":"product","2":"type-product","3":"status-publish","4":"has-post-thumbnail","6":"product_cat-vegetables","7":"nt-post-class","8":"","17":"first","18":"onbackorder","19":"shipping-taxable","20":"product-type-simple"},"_links":{"self":[{"href":"https:\/\/fresco-europe.com\/de\/wp-json\/wp\/v2\/product\/5477","targetHints":{"allow":["GET"]}}],"collection":[{"href":"https:\/\/fresco-europe.com\/de\/wp-json\/wp\/v2\/product"}],"about":[{"href":"https:\/\/fresco-europe.com\/de\/wp-json\/wp\/v2\/types\/product"}],"replies":[{"embeddable":true,"href":"https:\/\/fresco-europe.com\/de\/wp-json\/wp\/v2\/comments?post=5477"}],"wp:featuredmedia":[{"embeddable":true,"href":"https:\/\/fresco-europe.com\/de\/wp-json\/wp\/v2\/media\/4814"}],"wp:attachment":[{"href":"https:\/\/fresco-europe.com\/de\/wp-json\/wp\/v2\/media?parent=5477"}],"wp:term":[{"taxonomy":"product_brand","embeddable":true,"href":"https:\/\/fresco-europe.com\/de\/wp-json\/wp\/v2\/product_brand?post=5477"},{"taxonomy":"product_cat","embeddable":true,"href":"https:\/\/fresco-europe.com\/de\/wp-json\/wp\/v2\/product_cat?post=5477"},{"taxonomy":"product_tag","embeddable":true,"href":"https:\/\/fresco-europe.com\/de\/wp-json\/wp\/v2\/product_tag?post=5477"}],"curies":[{"name":"wp","href":"https:\/\/api.w.org\/{rel}","templated":true}]}}