{"id":5475,"date":"2024-11-04T08:01:46","date_gmt":"2024-11-04T08:01:46","guid":{"rendered":"https:\/\/fresco-europe.com\/product\/roter-und-gelber-habanero\/"},"modified":"2024-11-04T08:01:46","modified_gmt":"2024-11-04T08:01:46","slug":"roter-und-gelber-habanero","status":"publish","type":"product","link":"https:\/\/fresco-europe.com\/de\/product\/roter-und-gelber-habanero\/","title":{"rendered":"Roter und gelber Habanero"},"content":{"rendered":"","protected":false},"excerpt":{"rendered":"<p>Habaneros geh\u00f6ren zu den sch\u00e4rferen Paprikaschoten. Zus\u00e4tzlich zu ihrer Sch\u00e4rfe sind rote und gelbe Habaneros reich an Vitamin A und C, was sie zu einer nahrhaften Erg\u00e4nzung zu Gerichten macht.<br \/> Ihre leuchtenden Farben und ihr ausgepr\u00e4gter Geschmack machen sie in vielen K\u00fcchen beliebt, insbesondere in der mexikanischen und karibischen K\u00fcche.<\/p>\n<p>Verf\u00fcgbar von Mitte November bis Ende Mai (\u00c4gypten)<\/p>\n<p>Das ganze Jahr \u00fcber (Oman)<\/p>\n","protected":false},"featured_media":5521,"comment_status":"open","ping_status":"closed","template":"","meta":[],"product_brand":[],"product_cat":[60],"product_tag":[],"class_list":{"0":"post-5475","1":"product","2":"type-product","3":"status-publish","4":"has-post-thumbnail","6":"product_cat-vegetables","7":"nt-post-class","8":"","17":"first","18":"onbackorder","19":"shipping-taxable","20":"product-type-simple"},"_links":{"self":[{"href":"https:\/\/fresco-europe.com\/de\/wp-json\/wp\/v2\/product\/5475","targetHints":{"allow":["GET"]}}],"collection":[{"href":"https:\/\/fresco-europe.com\/de\/wp-json\/wp\/v2\/product"}],"about":[{"href":"https:\/\/fresco-europe.com\/de\/wp-json\/wp\/v2\/types\/product"}],"replies":[{"embeddable":true,"href":"https:\/\/fresco-europe.com\/de\/wp-json\/wp\/v2\/comments?post=5475"}],"wp:featuredmedia":[{"embeddable":true,"href":"https:\/\/fresco-europe.com\/de\/wp-json\/wp\/v2\/media\/5521"}],"wp:attachment":[{"href":"https:\/\/fresco-europe.com\/de\/wp-json\/wp\/v2\/media?parent=5475"}],"wp:term":[{"taxonomy":"product_brand","embeddable":true,"href":"https:\/\/fresco-europe.com\/de\/wp-json\/wp\/v2\/product_brand?post=5475"},{"taxonomy":"product_cat","embeddable":true,"href":"https:\/\/fresco-europe.com\/de\/wp-json\/wp\/v2\/product_cat?post=5475"},{"taxonomy":"product_tag","embeddable":true,"href":"https:\/\/fresco-europe.com\/de\/wp-json\/wp\/v2\/product_tag?post=5475"}],"curies":[{"name":"wp","href":"https:\/\/api.w.org\/{rel}","templated":true}]}}