{"id":5458,"date":"2024-11-04T09:23:31","date_gmt":"2024-11-04T09:23:31","guid":{"rendered":"https:\/\/fresco-europe.com\/product\/zucchini\/"},"modified":"2024-11-04T09:23:31","modified_gmt":"2024-11-04T09:23:31","slug":"zucchini","status":"publish","type":"product","link":"https:\/\/fresco-europe.com\/de\/product\/zucchini\/","title":{"rendered":"Zucchini"},"content":{"rendered":"","protected":false},"excerpt":{"rendered":"<p>Zucchini, auch Zucchini genannt, hat eine glatte, zarte Schale und einen milden, leicht s\u00fc\u00dflichen Geschmack. Zucchini ist f\u00fcr ihren hohen Wassergehalt und geringen Kaloriengehalt bekannt und daher eine beliebte Wahl f\u00fcr eine gesunde Ern\u00e4hrung. Verf\u00fcgbar von Mitte Oktober bis Mitte Juli <\/p>\n","protected":false},"featured_media":4937,"comment_status":"open","ping_status":"closed","template":"","meta":[],"product_brand":[],"product_cat":[60],"product_tag":[],"class_list":{"0":"post-5458","1":"product","2":"type-product","3":"status-publish","4":"has-post-thumbnail","6":"product_cat-vegetables","7":"nt-post-class","8":"","17":"first","18":"onbackorder","19":"shipping-taxable","20":"product-type-simple"},"_links":{"self":[{"href":"https:\/\/fresco-europe.com\/de\/wp-json\/wp\/v2\/product\/5458","targetHints":{"allow":["GET"]}}],"collection":[{"href":"https:\/\/fresco-europe.com\/de\/wp-json\/wp\/v2\/product"}],"about":[{"href":"https:\/\/fresco-europe.com\/de\/wp-json\/wp\/v2\/types\/product"}],"replies":[{"embeddable":true,"href":"https:\/\/fresco-europe.com\/de\/wp-json\/wp\/v2\/comments?post=5458"}],"wp:featuredmedia":[{"embeddable":true,"href":"https:\/\/fresco-europe.com\/de\/wp-json\/wp\/v2\/media\/4937"}],"wp:attachment":[{"href":"https:\/\/fresco-europe.com\/de\/wp-json\/wp\/v2\/media?parent=5458"}],"wp:term":[{"taxonomy":"product_brand","embeddable":true,"href":"https:\/\/fresco-europe.com\/de\/wp-json\/wp\/v2\/product_brand?post=5458"},{"taxonomy":"product_cat","embeddable":true,"href":"https:\/\/fresco-europe.com\/de\/wp-json\/wp\/v2\/product_cat?post=5458"},{"taxonomy":"product_tag","embeddable":true,"href":"https:\/\/fresco-europe.com\/de\/wp-json\/wp\/v2\/product_tag?post=5458"}],"curies":[{"name":"wp","href":"https:\/\/api.w.org\/{rel}","templated":true}]}}