{"id":5398,"date":"2024-11-04T08:18:38","date_gmt":"2024-11-04T08:18:38","guid":{"rendered":"https:\/\/fresco-europe.com\/product\/lila-chinesische-aubergine\/"},"modified":"2024-11-04T08:18:38","modified_gmt":"2024-11-04T08:18:38","slug":"lila-chinesische-aubergine","status":"publish","type":"product","link":"https:\/\/fresco-europe.com\/de\/product\/lila-chinesische-aubergine\/","title":{"rendered":"Lila chinesische Aubergine"},"content":{"rendered":"","protected":false},"excerpt":{"rendered":"<p>Diese Auberginensorte hat eine gl\u00e4nzend violette Schale und ist im Vergleich zu anderen Sorten f\u00fcr ihren milden Geschmack und ihre geringe Bitterkeit bekannt. Das Fleisch ist beim Kochen cremig und zart. Das Unternehmen produziert mehr als 1.000 Tonnen frische lila chinesische Auberginen in Premiumqualit\u00e4t. Verf\u00fcgbar von Mitte November bis Ende Mai (\u00c4gypten)  <\/p>\n","protected":false},"featured_media":4822,"comment_status":"open","ping_status":"closed","template":"","meta":[],"product_brand":[],"product_cat":[60],"product_tag":[],"class_list":{"0":"post-5398","1":"product","2":"type-product","3":"status-publish","4":"has-post-thumbnail","6":"product_cat-vegetables","7":"nt-post-class","8":"","17":"first","18":"onbackorder","19":"shipping-taxable","20":"product-type-simple"},"_links":{"self":[{"href":"https:\/\/fresco-europe.com\/de\/wp-json\/wp\/v2\/product\/5398","targetHints":{"allow":["GET"]}}],"collection":[{"href":"https:\/\/fresco-europe.com\/de\/wp-json\/wp\/v2\/product"}],"about":[{"href":"https:\/\/fresco-europe.com\/de\/wp-json\/wp\/v2\/types\/product"}],"replies":[{"embeddable":true,"href":"https:\/\/fresco-europe.com\/de\/wp-json\/wp\/v2\/comments?post=5398"}],"wp:featuredmedia":[{"embeddable":true,"href":"https:\/\/fresco-europe.com\/de\/wp-json\/wp\/v2\/media\/4822"}],"wp:attachment":[{"href":"https:\/\/fresco-europe.com\/de\/wp-json\/wp\/v2\/media?parent=5398"}],"wp:term":[{"taxonomy":"product_brand","embeddable":true,"href":"https:\/\/fresco-europe.com\/de\/wp-json\/wp\/v2\/product_brand?post=5398"},{"taxonomy":"product_cat","embeddable":true,"href":"https:\/\/fresco-europe.com\/de\/wp-json\/wp\/v2\/product_cat?post=5398"},{"taxonomy":"product_tag","embeddable":true,"href":"https:\/\/fresco-europe.com\/de\/wp-json\/wp\/v2\/product_tag?post=5398"}],"curies":[{"name":"wp","href":"https:\/\/api.w.org\/{rel}","templated":true}]}}