{"id":5397,"date":"2024-11-04T08:17:43","date_gmt":"2024-11-04T08:17:43","guid":{"rendered":"https:\/\/fresco-europe.com\/product\/barhi-datteln\/"},"modified":"2024-11-04T08:17:43","modified_gmt":"2024-11-04T08:17:43","slug":"barhi-datteln","status":"publish","type":"product","link":"https:\/\/fresco-europe.com\/de\/product\/barhi-datteln\/","title":{"rendered":"Barhi-Datteln"},"content":{"rendered":"","protected":false},"excerpt":{"rendered":"<p>\u00c4gypten ist vor allem f\u00fcr den Anbau von Barhi-Datteln bekannt, die zu den hochwertigsten der Welt geh\u00f6ren. Fresco Europe exportiert mehr als 1000 Tonnen, die von unseren eigenen Farmen stammen. Verf\u00fcgbar von Juli bis Ende November (\u00c4gypten) <\/p>\n","protected":false},"featured_media":4824,"comment_status":"open","ping_status":"closed","template":"","meta":[],"product_brand":[],"product_cat":[49],"product_tag":[],"class_list":{"0":"post-5397","1":"product","2":"type-product","3":"status-publish","4":"has-post-thumbnail","6":"product_cat-fruits","7":"nt-post-class","8":"","17":"first","18":"onbackorder","19":"shipping-taxable","20":"product-type-simple"},"_links":{"self":[{"href":"https:\/\/fresco-europe.com\/de\/wp-json\/wp\/v2\/product\/5397","targetHints":{"allow":["GET"]}}],"collection":[{"href":"https:\/\/fresco-europe.com\/de\/wp-json\/wp\/v2\/product"}],"about":[{"href":"https:\/\/fresco-europe.com\/de\/wp-json\/wp\/v2\/types\/product"}],"replies":[{"embeddable":true,"href":"https:\/\/fresco-europe.com\/de\/wp-json\/wp\/v2\/comments?post=5397"}],"wp:featuredmedia":[{"embeddable":true,"href":"https:\/\/fresco-europe.com\/de\/wp-json\/wp\/v2\/media\/4824"}],"wp:attachment":[{"href":"https:\/\/fresco-europe.com\/de\/wp-json\/wp\/v2\/media?parent=5397"}],"wp:term":[{"taxonomy":"product_brand","embeddable":true,"href":"https:\/\/fresco-europe.com\/de\/wp-json\/wp\/v2\/product_brand?post=5397"},{"taxonomy":"product_cat","embeddable":true,"href":"https:\/\/fresco-europe.com\/de\/wp-json\/wp\/v2\/product_cat?post=5397"},{"taxonomy":"product_tag","embeddable":true,"href":"https:\/\/fresco-europe.com\/de\/wp-json\/wp\/v2\/product_tag?post=5397"}],"curies":[{"name":"wp","href":"https:\/\/api.w.org\/{rel}","templated":true}]}}