{"id":5395,"date":"2024-11-04T08:25:01","date_gmt":"2024-11-04T08:25:01","guid":{"rendered":"https:\/\/fresco-europe.com\/product\/zitrusfruechte\/"},"modified":"2024-11-04T08:25:01","modified_gmt":"2024-11-04T08:25:01","slug":"zitrusfruechte","status":"publish","type":"product","link":"https:\/\/fresco-europe.com\/de\/product\/zitrusfruechte\/","title":{"rendered":"Zitrusfr\u00fcchte"},"content":{"rendered":"","protected":false},"excerpt":{"rendered":"<p>Der Zitrusexport ist mit \u00fcber 30.000 Tonnen der drittgr\u00f6\u00dfte von Fresco. Die Saison beginnt im Dezember mit Navel-Orangen, begleitet von einer gro\u00dfen Auswahl an Grapefruits, Sch\u00e4lfr\u00fcchten und Zitronen. Mitte Februar sind die Valencia-Orangen erntereif und markieren den H\u00f6hepunkt der Saison. Verf\u00fcgbar von Dezember bis Ende Juni (\u00c4gypten)  <\/p>\n","protected":false},"featured_media":4826,"comment_status":"open","ping_status":"closed","template":"","meta":[],"product_brand":[],"product_cat":[49],"product_tag":[],"class_list":{"0":"post-5395","1":"product","2":"type-product","3":"status-publish","4":"has-post-thumbnail","6":"product_cat-fruits","7":"nt-post-class","8":"","17":"first","18":"onbackorder","19":"shipping-taxable","20":"product-type-simple"},"_links":{"self":[{"href":"https:\/\/fresco-europe.com\/de\/wp-json\/wp\/v2\/product\/5395","targetHints":{"allow":["GET"]}}],"collection":[{"href":"https:\/\/fresco-europe.com\/de\/wp-json\/wp\/v2\/product"}],"about":[{"href":"https:\/\/fresco-europe.com\/de\/wp-json\/wp\/v2\/types\/product"}],"replies":[{"embeddable":true,"href":"https:\/\/fresco-europe.com\/de\/wp-json\/wp\/v2\/comments?post=5395"}],"wp:featuredmedia":[{"embeddable":true,"href":"https:\/\/fresco-europe.com\/de\/wp-json\/wp\/v2\/media\/4826"}],"wp:attachment":[{"href":"https:\/\/fresco-europe.com\/de\/wp-json\/wp\/v2\/media?parent=5395"}],"wp:term":[{"taxonomy":"product_brand","embeddable":true,"href":"https:\/\/fresco-europe.com\/de\/wp-json\/wp\/v2\/product_brand?post=5395"},{"taxonomy":"product_cat","embeddable":true,"href":"https:\/\/fresco-europe.com\/de\/wp-json\/wp\/v2\/product_cat?post=5395"},{"taxonomy":"product_tag","embeddable":true,"href":"https:\/\/fresco-europe.com\/de\/wp-json\/wp\/v2\/product_tag?post=5395"}],"curies":[{"name":"wp","href":"https:\/\/api.w.org\/{rel}","templated":true}]}}