{"id":5394,"date":"2024-11-04T08:00:18","date_gmt":"2024-11-04T08:00:18","guid":{"rendered":"https:\/\/fresco-europe.com\/product\/chili-aus-der-vogelperspektive\/"},"modified":"2024-11-04T08:00:18","modified_gmt":"2024-11-04T08:00:18","slug":"chili-aus-der-vogelperspektive","status":"publish","type":"product","link":"https:\/\/fresco-europe.com\/de\/product\/chili-aus-der-vogelperspektive\/","title":{"rendered":"Chili aus der Vogelperspektive"},"content":{"rendered":"","protected":false},"excerpt":{"rendered":"<p>Vogelaugen-Chili, bekannt als Thai-Chili, ist eine kleine, feurige Paprika, die h\u00e4ufig in der s\u00fcdostasiatischen K\u00fcche verwendet wird. Diese Chilis sind normalerweise leuchtend rot oder gr\u00fcn und haben eine schlanke, sich verj\u00fcngende Form. Fresco bietet einen gro\u00dfartigen Geschmack von Bird-Eye-Chili.<\/p>\n<p>Verf\u00fcgbar von Mitte November bis Ende Mai (\u00c4gypten)<\/p>\n<p>Das ganze Jahr \u00fcber (Oman)<\/p>\n","protected":false},"featured_media":4818,"comment_status":"open","ping_status":"closed","template":"","meta":[],"product_brand":[],"product_cat":[60],"product_tag":[],"class_list":{"0":"post-5394","1":"product","2":"type-product","3":"status-publish","4":"has-post-thumbnail","6":"product_cat-vegetables","7":"nt-post-class","8":"","17":"first","18":"onbackorder","19":"shipping-taxable","20":"product-type-simple"},"_links":{"self":[{"href":"https:\/\/fresco-europe.com\/de\/wp-json\/wp\/v2\/product\/5394","targetHints":{"allow":["GET"]}}],"collection":[{"href":"https:\/\/fresco-europe.com\/de\/wp-json\/wp\/v2\/product"}],"about":[{"href":"https:\/\/fresco-europe.com\/de\/wp-json\/wp\/v2\/types\/product"}],"replies":[{"embeddable":true,"href":"https:\/\/fresco-europe.com\/de\/wp-json\/wp\/v2\/comments?post=5394"}],"wp:featuredmedia":[{"embeddable":true,"href":"https:\/\/fresco-europe.com\/de\/wp-json\/wp\/v2\/media\/4818"}],"wp:attachment":[{"href":"https:\/\/fresco-europe.com\/de\/wp-json\/wp\/v2\/media?parent=5394"}],"wp:term":[{"taxonomy":"product_brand","embeddable":true,"href":"https:\/\/fresco-europe.com\/de\/wp-json\/wp\/v2\/product_brand?post=5394"},{"taxonomy":"product_cat","embeddable":true,"href":"https:\/\/fresco-europe.com\/de\/wp-json\/wp\/v2\/product_cat?post=5394"},{"taxonomy":"product_tag","embeddable":true,"href":"https:\/\/fresco-europe.com\/de\/wp-json\/wp\/v2\/product_tag?post=5394"}],"curies":[{"name":"wp","href":"https:\/\/api.w.org\/{rel}","templated":true}]}}