{"id":5393,"date":"2024-11-04T08:31:18","date_gmt":"2024-11-04T08:31:18","guid":{"rendered":"https:\/\/fresco-europe.com\/product\/rote-und-weisse-zwiebeln\/"},"modified":"2024-11-04T08:31:18","modified_gmt":"2024-11-04T08:31:18","slug":"rote-und-weisse-zwiebeln","status":"publish","type":"product","link":"https:\/\/fresco-europe.com\/de\/product\/rote-und-weisse-zwiebeln\/","title":{"rendered":"Rote und wei\u00dfe Zwiebeln"},"content":{"rendered":"","protected":false},"excerpt":{"rendered":"<p>Trockenzwiebeln sind jedes Jahr eine wichtige Ernte in unserem Exportplan.<\/p>\n<p>Wei\u00dfe Zwiebeln haben einen milderen Geschmack und werden oft zum Kochen verwendet, w\u00e4hrend rote Zwiebeln etwas s\u00fc\u00dfer sind und oft roh in Salaten verwendet werden.<\/p>\n<p>Aus ern\u00e4hrungsphysiologischer Sicht sind Zwiebeln kalorienarm und reich an Vitamin C und B6, Ballaststoffen und Antioxidantien, was mehrere gesundheitliche Vorteile bietet.<\/p>\n<p>Verf\u00fcgbar von Mitte Februar bis Ende Oktober (\u00c4gypten)<\/p>\n","protected":false},"featured_media":4830,"comment_status":"open","ping_status":"closed","template":"","meta":[],"product_brand":[],"product_cat":[60],"product_tag":[],"class_list":{"0":"post-5393","1":"product","2":"type-product","3":"status-publish","4":"has-post-thumbnail","6":"product_cat-vegetables","7":"nt-post-class","8":"","17":"first","18":"onbackorder","19":"shipping-taxable","20":"product-type-simple"},"_links":{"self":[{"href":"https:\/\/fresco-europe.com\/de\/wp-json\/wp\/v2\/product\/5393","targetHints":{"allow":["GET"]}}],"collection":[{"href":"https:\/\/fresco-europe.com\/de\/wp-json\/wp\/v2\/product"}],"about":[{"href":"https:\/\/fresco-europe.com\/de\/wp-json\/wp\/v2\/types\/product"}],"replies":[{"embeddable":true,"href":"https:\/\/fresco-europe.com\/de\/wp-json\/wp\/v2\/comments?post=5393"}],"wp:featuredmedia":[{"embeddable":true,"href":"https:\/\/fresco-europe.com\/de\/wp-json\/wp\/v2\/media\/4830"}],"wp:attachment":[{"href":"https:\/\/fresco-europe.com\/de\/wp-json\/wp\/v2\/media?parent=5393"}],"wp:term":[{"taxonomy":"product_brand","embeddable":true,"href":"https:\/\/fresco-europe.com\/de\/wp-json\/wp\/v2\/product_brand?post=5393"},{"taxonomy":"product_cat","embeddable":true,"href":"https:\/\/fresco-europe.com\/de\/wp-json\/wp\/v2\/product_cat?post=5393"},{"taxonomy":"product_tag","embeddable":true,"href":"https:\/\/fresco-europe.com\/de\/wp-json\/wp\/v2\/product_tag?post=5393"}],"curies":[{"name":"wp","href":"https:\/\/api.w.org\/{rel}","templated":true}]}}