{"id":5392,"date":"2024-11-04T08:20:32","date_gmt":"2024-11-04T08:20:32","guid":{"rendered":"https:\/\/fresco-europe.com\/product\/bitterer-kuerbis\/"},"modified":"2024-11-04T08:20:32","modified_gmt":"2024-11-04T08:20:32","slug":"bitterer-kuerbis","status":"publish","type":"product","link":"https:\/\/fresco-europe.com\/de\/product\/bitterer-kuerbis\/","title":{"rendered":"Bitterer K\u00fcrbis"},"content":{"rendered":"","protected":false},"excerpt":{"rendered":"<p>Wir gelten als die f\u00fchrenden Z\u00fcchter von bitterem K\u00fcrbis in \u00c4gypten und Thailand.<\/p>\n<p>Bitterer K\u00fcrbis, auch Bittermelone genannt, ist ein einzigartiges Gem\u00fcse, das f\u00fcr seinen ausgepr\u00e4gten bitteren Geschmack bekannt ist. <\/p>\n<p>Trotz seiner Bitterkeit wird es wegen seiner gesundheitlichen Vorteile hoch gesch\u00e4tzt, da es reich an Vitamin C und A, Antioxidantien und Ballaststoffen ist.<\/p>\n<p>Verf\u00fcgbar von November bis Ende Mai (Oman)<\/p>\n","protected":false},"featured_media":4820,"comment_status":"open","ping_status":"closed","template":"","meta":[],"product_brand":[],"product_cat":[60],"product_tag":[],"class_list":{"0":"post-5392","1":"product","2":"type-product","3":"status-publish","4":"has-post-thumbnail","6":"product_cat-vegetables","7":"nt-post-class","8":"","17":"first","18":"onbackorder","19":"shipping-taxable","20":"product-type-simple"},"_links":{"self":[{"href":"https:\/\/fresco-europe.com\/de\/wp-json\/wp\/v2\/product\/5392","targetHints":{"allow":["GET"]}}],"collection":[{"href":"https:\/\/fresco-europe.com\/de\/wp-json\/wp\/v2\/product"}],"about":[{"href":"https:\/\/fresco-europe.com\/de\/wp-json\/wp\/v2\/types\/product"}],"replies":[{"embeddable":true,"href":"https:\/\/fresco-europe.com\/de\/wp-json\/wp\/v2\/comments?post=5392"}],"wp:featuredmedia":[{"embeddable":true,"href":"https:\/\/fresco-europe.com\/de\/wp-json\/wp\/v2\/media\/4820"}],"wp:attachment":[{"href":"https:\/\/fresco-europe.com\/de\/wp-json\/wp\/v2\/media?parent=5392"}],"wp:term":[{"taxonomy":"product_brand","embeddable":true,"href":"https:\/\/fresco-europe.com\/de\/wp-json\/wp\/v2\/product_brand?post=5392"},{"taxonomy":"product_cat","embeddable":true,"href":"https:\/\/fresco-europe.com\/de\/wp-json\/wp\/v2\/product_cat?post=5392"},{"taxonomy":"product_tag","embeddable":true,"href":"https:\/\/fresco-europe.com\/de\/wp-json\/wp\/v2\/product_tag?post=5392"}],"curies":[{"name":"wp","href":"https:\/\/api.w.org\/{rel}","templated":true}]}}