{"id":5391,"date":"2024-11-04T09:13:14","date_gmt":"2024-11-04T09:13:14","guid":{"rendered":"https:\/\/fresco-europe.com\/product\/gruene-bohnen\/"},"modified":"2024-11-04T09:13:14","modified_gmt":"2024-11-04T09:13:14","slug":"gruene-bohnen","status":"publish","type":"product","link":"https:\/\/fresco-europe.com\/de\/product\/gruene-bohnen\/","title":{"rendered":"Gr\u00fcne Bohnen"},"content":{"rendered":"","protected":false},"excerpt":{"rendered":"<p>Gr\u00fcne Bohnen sind ein beliebtes und vielseitiges Gem\u00fcse, das sich durch seine langen, schlanken Schoten auszeichnet, die typischerweise hellgr\u00fcn sind. Sie haben eine knackige Konsistenz und einen leicht s\u00fc\u00dflichen Geschmack, was sie zu einem Favoriten in Salaten macht. Fresco exportiert rund 2000 Tonnen. Verf\u00fcgbar von November bis Ende April (\u00c4gypten)  <\/p>\n","protected":false},"featured_media":4873,"comment_status":"open","ping_status":"closed","template":"","meta":[],"product_brand":[],"product_cat":[60],"product_tag":[],"class_list":{"0":"post-5391","1":"product","2":"type-product","3":"status-publish","4":"has-post-thumbnail","6":"product_cat-vegetables","7":"nt-post-class","8":"","17":"first","18":"onbackorder","19":"shipping-taxable","20":"product-type-simple"},"_links":{"self":[{"href":"https:\/\/fresco-europe.com\/de\/wp-json\/wp\/v2\/product\/5391","targetHints":{"allow":["GET"]}}],"collection":[{"href":"https:\/\/fresco-europe.com\/de\/wp-json\/wp\/v2\/product"}],"about":[{"href":"https:\/\/fresco-europe.com\/de\/wp-json\/wp\/v2\/types\/product"}],"replies":[{"embeddable":true,"href":"https:\/\/fresco-europe.com\/de\/wp-json\/wp\/v2\/comments?post=5391"}],"wp:featuredmedia":[{"embeddable":true,"href":"https:\/\/fresco-europe.com\/de\/wp-json\/wp\/v2\/media\/4873"}],"wp:attachment":[{"href":"https:\/\/fresco-europe.com\/de\/wp-json\/wp\/v2\/media?parent=5391"}],"wp:term":[{"taxonomy":"product_brand","embeddable":true,"href":"https:\/\/fresco-europe.com\/de\/wp-json\/wp\/v2\/product_brand?post=5391"},{"taxonomy":"product_cat","embeddable":true,"href":"https:\/\/fresco-europe.com\/de\/wp-json\/wp\/v2\/product_cat?post=5391"},{"taxonomy":"product_tag","embeddable":true,"href":"https:\/\/fresco-europe.com\/de\/wp-json\/wp\/v2\/product_tag?post=5391"}],"curies":[{"name":"wp","href":"https:\/\/api.w.org\/{rel}","templated":true}]}}