{"id":5390,"date":"2024-11-04T08:13:02","date_gmt":"2024-11-04T08:13:02","guid":{"rendered":"https:\/\/fresco-europe.com\/product\/bullet-chili-pepper\/"},"modified":"2024-11-04T08:13:02","modified_gmt":"2024-11-04T08:13:02","slug":"bullet-chili-pepper","status":"publish","type":"product","link":"https:\/\/fresco-europe.com\/de\/product\/bullet-chili-pepper\/","title":{"rendered":"Bullet Chili Pepper"},"content":{"rendered":"","protected":false},"excerpt":{"rendered":"<p>Diese Paprikaschoten sind extrem scharf, was sie deutlich sch\u00e4rfer macht als gew\u00f6hnliche Paprikaschoten wie Jalape\u00f1os. Sie sind in der s\u00fcdasiatischen, afrikanischen und karibischen K\u00fcche beliebt.<\/p>\n<p>Bullet-Chilis enthalten Capsaicin, das f\u00fcr seine potenziellen gesundheitlichen Vorteile bekannt ist, wie z. B. die Ankurbelung des Stoffwechsels, die Unterst\u00fctzung der Verdauung und seine entz\u00fcndungshemmende Wirkung. <\/p>\n","protected":false},"featured_media":5518,"comment_status":"open","ping_status":"closed","template":"","meta":[],"product_brand":[],"product_cat":[60],"product_tag":[],"class_list":{"0":"post-5390","1":"product","2":"type-product","3":"status-publish","4":"has-post-thumbnail","6":"product_cat-vegetables","7":"nt-post-class","8":"","17":"first","18":"onbackorder","19":"shipping-taxable","20":"product-type-simple"},"_links":{"self":[{"href":"https:\/\/fresco-europe.com\/de\/wp-json\/wp\/v2\/product\/5390","targetHints":{"allow":["GET"]}}],"collection":[{"href":"https:\/\/fresco-europe.com\/de\/wp-json\/wp\/v2\/product"}],"about":[{"href":"https:\/\/fresco-europe.com\/de\/wp-json\/wp\/v2\/types\/product"}],"replies":[{"embeddable":true,"href":"https:\/\/fresco-europe.com\/de\/wp-json\/wp\/v2\/comments?post=5390"}],"wp:featuredmedia":[{"embeddable":true,"href":"https:\/\/fresco-europe.com\/de\/wp-json\/wp\/v2\/media\/5518"}],"wp:attachment":[{"href":"https:\/\/fresco-europe.com\/de\/wp-json\/wp\/v2\/media?parent=5390"}],"wp:term":[{"taxonomy":"product_brand","embeddable":true,"href":"https:\/\/fresco-europe.com\/de\/wp-json\/wp\/v2\/product_brand?post=5390"},{"taxonomy":"product_cat","embeddable":true,"href":"https:\/\/fresco-europe.com\/de\/wp-json\/wp\/v2\/product_cat?post=5390"},{"taxonomy":"product_tag","embeddable":true,"href":"https:\/\/fresco-europe.com\/de\/wp-json\/wp\/v2\/product_tag?post=5390"}],"curies":[{"name":"wp","href":"https:\/\/api.w.org\/{rel}","templated":true}]}}