{"id":5389,"date":"2024-11-04T09:16:20","date_gmt":"2024-11-04T09:16:20","guid":{"rendered":"https:\/\/fresco-europe.com\/product\/suesskartoffel\/"},"modified":"2024-11-04T09:16:20","modified_gmt":"2024-11-04T09:16:20","slug":"suesskartoffel","status":"publish","type":"product","link":"https:\/\/fresco-europe.com\/de\/product\/suesskartoffel\/","title":{"rendered":"S\u00fc\u00dfkartoffel"},"content":{"rendered":"","protected":false},"excerpt":{"rendered":"<p>S\u00fc\u00dfkartoffeln sind ein Schl\u00fcsselprodukt auf unseren Farmen und werden zu einer unserer hochwertigsten Erntelinien.<br \/>\n<br \/>S\u00fc\u00dfkartoffeln sind n\u00e4hrstoffreiche Knollen, die f\u00fcr ihren s\u00fc\u00dfen Geschmack und ihre cremige Konsistenz bekannt sind. Sie sind in verschiedenen Farben erh\u00e4ltlich und bieten jeweils ein einzigartiges Geschmacks- und N\u00e4hrwertprofil.<\/p>\n<p>Das ganze Jahr \u00fcber (\u00c4gypten)<\/p>\n","protected":false},"featured_media":4875,"comment_status":"open","ping_status":"closed","template":"","meta":[],"product_brand":[],"product_cat":[66],"product_tag":[],"class_list":{"0":"post-5389","1":"product","2":"type-product","3":"status-publish","4":"has-post-thumbnail","6":"product_cat-agriculture-products","7":"nt-post-class","8":"","17":"first","18":"onbackorder","19":"shipping-taxable","20":"product-type-simple"},"_links":{"self":[{"href":"https:\/\/fresco-europe.com\/de\/wp-json\/wp\/v2\/product\/5389","targetHints":{"allow":["GET"]}}],"collection":[{"href":"https:\/\/fresco-europe.com\/de\/wp-json\/wp\/v2\/product"}],"about":[{"href":"https:\/\/fresco-europe.com\/de\/wp-json\/wp\/v2\/types\/product"}],"replies":[{"embeddable":true,"href":"https:\/\/fresco-europe.com\/de\/wp-json\/wp\/v2\/comments?post=5389"}],"wp:featuredmedia":[{"embeddable":true,"href":"https:\/\/fresco-europe.com\/de\/wp-json\/wp\/v2\/media\/4875"}],"wp:attachment":[{"href":"https:\/\/fresco-europe.com\/de\/wp-json\/wp\/v2\/media?parent=5389"}],"wp:term":[{"taxonomy":"product_brand","embeddable":true,"href":"https:\/\/fresco-europe.com\/de\/wp-json\/wp\/v2\/product_brand?post=5389"},{"taxonomy":"product_cat","embeddable":true,"href":"https:\/\/fresco-europe.com\/de\/wp-json\/wp\/v2\/product_cat?post=5389"},{"taxonomy":"product_tag","embeddable":true,"href":"https:\/\/fresco-europe.com\/de\/wp-json\/wp\/v2\/product_tag?post=5389"}],"curies":[{"name":"wp","href":"https:\/\/api.w.org\/{rel}","templated":true}]}}