{"id":5387,"date":"2024-11-04T08:16:33","date_gmt":"2024-11-04T08:16:33","guid":{"rendered":"https:\/\/fresco-europe.com\/product\/custard-apple\/"},"modified":"2024-11-04T08:16:33","modified_gmt":"2024-11-04T08:16:33","slug":"custard-apple","status":"publish","type":"product","link":"https:\/\/fresco-europe.com\/de\/product\/custard-apple\/","title":{"rendered":"Custard Apple"},"content":{"rendered":"","protected":false},"excerpt":{"rendered":"<p>Es handelt sich um eine tropische Frucht, die f\u00fcr ihre cremige Konsistenz und ihren s\u00fc\u00dfen Geschmack bekannt ist. Die Frucht hat eine gr\u00fcne, schuppige Schale, die einem Tannenzapfen \u00e4hnelt und typischerweise zwischen 0,5 und 2 Pfund wiegt.<\/p>\n<p>Im Inneren ist das Fruchtfleisch blasswei\u00df oder hellgr\u00fcn. Verf\u00fcgbar von September bis Ende Dezember (\u00c4gypten) <\/p>\n","protected":false},"featured_media":4877,"comment_status":"open","ping_status":"closed","template":"","meta":[],"product_brand":[],"product_cat":[49],"product_tag":[],"class_list":{"0":"post-5387","1":"product","2":"type-product","3":"status-publish","4":"has-post-thumbnail","6":"product_cat-fruits","7":"nt-post-class","8":"","17":"first","18":"onbackorder","19":"shipping-taxable","20":"product-type-simple"},"_links":{"self":[{"href":"https:\/\/fresco-europe.com\/de\/wp-json\/wp\/v2\/product\/5387","targetHints":{"allow":["GET"]}}],"collection":[{"href":"https:\/\/fresco-europe.com\/de\/wp-json\/wp\/v2\/product"}],"about":[{"href":"https:\/\/fresco-europe.com\/de\/wp-json\/wp\/v2\/types\/product"}],"replies":[{"embeddable":true,"href":"https:\/\/fresco-europe.com\/de\/wp-json\/wp\/v2\/comments?post=5387"}],"wp:featuredmedia":[{"embeddable":true,"href":"https:\/\/fresco-europe.com\/de\/wp-json\/wp\/v2\/media\/4877"}],"wp:attachment":[{"href":"https:\/\/fresco-europe.com\/de\/wp-json\/wp\/v2\/media?parent=5387"}],"wp:term":[{"taxonomy":"product_brand","embeddable":true,"href":"https:\/\/fresco-europe.com\/de\/wp-json\/wp\/v2\/product_brand?post=5387"},{"taxonomy":"product_cat","embeddable":true,"href":"https:\/\/fresco-europe.com\/de\/wp-json\/wp\/v2\/product_cat?post=5387"},{"taxonomy":"product_tag","embeddable":true,"href":"https:\/\/fresco-europe.com\/de\/wp-json\/wp\/v2\/product_tag?post=5387"}],"curies":[{"name":"wp","href":"https:\/\/api.w.org\/{rel}","templated":true}]}}