{"id":5386,"date":"2024-11-04T08:14:02","date_gmt":"2024-11-04T08:14:02","guid":{"rendered":"https:\/\/fresco-europe.com\/product\/koriander\/"},"modified":"2024-11-04T08:14:02","modified_gmt":"2024-11-04T08:14:02","slug":"koriander","status":"publish","type":"product","link":"https:\/\/fresco-europe.com\/de\/product\/koriander\/","title":{"rendered":"Koriander"},"content":{"rendered":"","protected":false},"excerpt":{"rendered":"<p>Koriander, in manchen Regionen auch als Koriander bekannt, ist eine gute Quelle f\u00fcr die Vitamine A, C und K sowie Fols\u00e4ure und mehrere wichtige Mineralien wie Eisen, Kalzium und Kalium.<\/p>\n<p>Es enth\u00e4lt au\u00dferdem Antioxidantien, die helfen k\u00f6nnen, Entz\u00fcndungen zu reduzieren und die allgemeine Gesundheit zu unterst\u00fctzen.<\/p>\n","protected":false},"featured_media":5165,"comment_status":"open","ping_status":"closed","template":"","meta":[],"product_brand":[],"product_cat":[66],"product_tag":[],"class_list":{"0":"post-5386","1":"product","2":"type-product","3":"status-publish","4":"has-post-thumbnail","6":"product_cat-agriculture-products","7":"nt-post-class","8":"","17":"first","18":"onbackorder","19":"shipping-taxable","20":"product-type-simple"},"_links":{"self":[{"href":"https:\/\/fresco-europe.com\/de\/wp-json\/wp\/v2\/product\/5386","targetHints":{"allow":["GET"]}}],"collection":[{"href":"https:\/\/fresco-europe.com\/de\/wp-json\/wp\/v2\/product"}],"about":[{"href":"https:\/\/fresco-europe.com\/de\/wp-json\/wp\/v2\/types\/product"}],"replies":[{"embeddable":true,"href":"https:\/\/fresco-europe.com\/de\/wp-json\/wp\/v2\/comments?post=5386"}],"wp:featuredmedia":[{"embeddable":true,"href":"https:\/\/fresco-europe.com\/de\/wp-json\/wp\/v2\/media\/5165"}],"wp:attachment":[{"href":"https:\/\/fresco-europe.com\/de\/wp-json\/wp\/v2\/media?parent=5386"}],"wp:term":[{"taxonomy":"product_brand","embeddable":true,"href":"https:\/\/fresco-europe.com\/de\/wp-json\/wp\/v2\/product_brand?post=5386"},{"taxonomy":"product_cat","embeddable":true,"href":"https:\/\/fresco-europe.com\/de\/wp-json\/wp\/v2\/product_cat?post=5386"},{"taxonomy":"product_tag","embeddable":true,"href":"https:\/\/fresco-europe.com\/de\/wp-json\/wp\/v2\/product_tag?post=5386"}],"curies":[{"name":"wp","href":"https:\/\/api.w.org\/{rel}","templated":true}]}}