{"id":5385,"date":"2024-11-04T09:21:04","date_gmt":"2024-11-04T09:21:04","guid":{"rendered":"https:\/\/fresco-europe.com\/product\/grapes\/"},"modified":"2024-11-04T09:21:04","modified_gmt":"2024-11-04T09:21:04","slug":"grapes","status":"publish","type":"product","link":"https:\/\/fresco-europe.com\/de\/product\/grapes\/","title":{"rendered":"Grapes"},"content":{"rendered":"","protected":false},"excerpt":{"rendered":"<p>Unsere Traubenexporte liegen inzwischen bei \u00fcber 1.000 Tonnen wei\u00dfer und roter Sorten. Trauben sind kleine, runde Fr\u00fcchte, die in B\u00fcscheln an Weinreben wachsen und in verschiedenen Farben erh\u00e4ltlich sind, darunter Gr\u00fcn, Rot, Lila und Schwarz. Sie sind f\u00fcr ihren s\u00fc\u00dfen und saftigen Geschmack bekannt. Verf\u00fcgbar von Mitte Mai bis Ende Juli (\u00c4gypten)  <\/p>\n","protected":false},"featured_media":4939,"comment_status":"open","ping_status":"closed","template":"","meta":[],"product_brand":[],"product_cat":[49],"product_tag":[],"class_list":{"0":"post-5385","1":"product","2":"type-product","3":"status-publish","4":"has-post-thumbnail","6":"product_cat-fruits","7":"nt-post-class","8":"","17":"first","18":"onbackorder","19":"shipping-taxable","20":"product-type-simple"},"_links":{"self":[{"href":"https:\/\/fresco-europe.com\/de\/wp-json\/wp\/v2\/product\/5385","targetHints":{"allow":["GET"]}}],"collection":[{"href":"https:\/\/fresco-europe.com\/de\/wp-json\/wp\/v2\/product"}],"about":[{"href":"https:\/\/fresco-europe.com\/de\/wp-json\/wp\/v2\/types\/product"}],"replies":[{"embeddable":true,"href":"https:\/\/fresco-europe.com\/de\/wp-json\/wp\/v2\/comments?post=5385"}],"wp:featuredmedia":[{"embeddable":true,"href":"https:\/\/fresco-europe.com\/de\/wp-json\/wp\/v2\/media\/4939"}],"wp:attachment":[{"href":"https:\/\/fresco-europe.com\/de\/wp-json\/wp\/v2\/media?parent=5385"}],"wp:term":[{"taxonomy":"product_brand","embeddable":true,"href":"https:\/\/fresco-europe.com\/de\/wp-json\/wp\/v2\/product_brand?post=5385"},{"taxonomy":"product_cat","embeddable":true,"href":"https:\/\/fresco-europe.com\/de\/wp-json\/wp\/v2\/product_cat?post=5385"},{"taxonomy":"product_tag","embeddable":true,"href":"https:\/\/fresco-europe.com\/de\/wp-json\/wp\/v2\/product_tag?post=5385"}],"curies":[{"name":"wp","href":"https:\/\/api.w.org\/{rel}","templated":true}]}}