{"id":5382,"date":"2024-11-04T08:22:50","date_gmt":"2024-11-04T08:22:50","guid":{"rendered":"https:\/\/fresco-europe.com\/product\/langes-und-rundes-kaddu\/"},"modified":"2024-11-04T08:22:50","modified_gmt":"2024-11-04T08:22:50","slug":"langes-und-rundes-kaddu","status":"publish","type":"product","link":"https:\/\/fresco-europe.com\/de\/product\/langes-und-rundes-kaddu\/","title":{"rendered":"Langes und rundes Kaddu"},"content":{"rendered":"","protected":false},"excerpt":{"rendered":"<p>Kaddu bezieht sich auf K\u00fcrbis- oder K\u00fcrbissorten, die h\u00e4ufig in verschiedenen K\u00fcchen verwendet werden, insbesondere in S\u00fcdasien, S\u00fcdostasien und einigen Teilen Afrikas.<\/p>\n","protected":false},"featured_media":4965,"comment_status":"open","ping_status":"closed","template":"","meta":[],"product_brand":[],"product_cat":[60],"product_tag":[],"class_list":{"0":"post-5382","1":"product","2":"type-product","3":"status-publish","4":"has-post-thumbnail","6":"product_cat-vegetables","7":"nt-post-class","8":"","17":"first","18":"onbackorder","19":"shipping-taxable","20":"product-type-simple"},"_links":{"self":[{"href":"https:\/\/fresco-europe.com\/de\/wp-json\/wp\/v2\/product\/5382","targetHints":{"allow":["GET"]}}],"collection":[{"href":"https:\/\/fresco-europe.com\/de\/wp-json\/wp\/v2\/product"}],"about":[{"href":"https:\/\/fresco-europe.com\/de\/wp-json\/wp\/v2\/types\/product"}],"replies":[{"embeddable":true,"href":"https:\/\/fresco-europe.com\/de\/wp-json\/wp\/v2\/comments?post=5382"}],"wp:featuredmedia":[{"embeddable":true,"href":"https:\/\/fresco-europe.com\/de\/wp-json\/wp\/v2\/media\/4965"}],"wp:attachment":[{"href":"https:\/\/fresco-europe.com\/de\/wp-json\/wp\/v2\/media?parent=5382"}],"wp:term":[{"taxonomy":"product_brand","embeddable":true,"href":"https:\/\/fresco-europe.com\/de\/wp-json\/wp\/v2\/product_brand?post=5382"},{"taxonomy":"product_cat","embeddable":true,"href":"https:\/\/fresco-europe.com\/de\/wp-json\/wp\/v2\/product_cat?post=5382"},{"taxonomy":"product_tag","embeddable":true,"href":"https:\/\/fresco-europe.com\/de\/wp-json\/wp\/v2\/product_tag?post=5382"}],"curies":[{"name":"wp","href":"https:\/\/api.w.org\/{rel}","templated":true}]}}