{"id":5381,"date":"2024-11-04T08:21:40","date_gmt":"2024-11-04T08:21:40","guid":{"rendered":"https:\/\/fresco-europe.com\/product\/karela-und-baby-karela\/"},"modified":"2024-11-04T08:21:40","modified_gmt":"2024-11-04T08:21:40","slug":"karela-und-baby-karela","status":"publish","type":"product","link":"https:\/\/fresco-europe.com\/de\/product\/karela-und-baby-karela\/","title":{"rendered":"Karela und Baby Karela"},"content":{"rendered":"","protected":false},"excerpt":{"rendered":"<p>Karela ist ein einzigartiges und nahrhaftes Gem\u00fcse, das in der asiatischen und afrikanischen K\u00fcche h\u00e4ufig verwendet wird. Es ist f\u00fcr seinen deutlich bitteren Geschmack bekannt, der bei vielen Menschen eine erworbene Vorliebe sein kann. Das Gem\u00fcse ist normalerweise gr\u00fcn und hat eine holprige Schale und kann unterschiedlich gro\u00df sein.<\/p>\n<p>Wir bieten verschiedene Karela-Sorten an, darunter Baby-Karela und wei\u00dfe Karela.<\/p>\n","protected":false},"featured_media":4961,"comment_status":"open","ping_status":"closed","template":"","meta":[],"product_brand":[],"product_cat":[60],"product_tag":[],"class_list":{"0":"post-5381","1":"product","2":"type-product","3":"status-publish","4":"has-post-thumbnail","6":"product_cat-vegetables","7":"nt-post-class","8":"","17":"first","18":"onbackorder","19":"shipping-taxable","20":"product-type-simple"},"_links":{"self":[{"href":"https:\/\/fresco-europe.com\/de\/wp-json\/wp\/v2\/product\/5381","targetHints":{"allow":["GET"]}}],"collection":[{"href":"https:\/\/fresco-europe.com\/de\/wp-json\/wp\/v2\/product"}],"about":[{"href":"https:\/\/fresco-europe.com\/de\/wp-json\/wp\/v2\/types\/product"}],"replies":[{"embeddable":true,"href":"https:\/\/fresco-europe.com\/de\/wp-json\/wp\/v2\/comments?post=5381"}],"wp:featuredmedia":[{"embeddable":true,"href":"https:\/\/fresco-europe.com\/de\/wp-json\/wp\/v2\/media\/4961"}],"wp:attachment":[{"href":"https:\/\/fresco-europe.com\/de\/wp-json\/wp\/v2\/media?parent=5381"}],"wp:term":[{"taxonomy":"product_brand","embeddable":true,"href":"https:\/\/fresco-europe.com\/de\/wp-json\/wp\/v2\/product_brand?post=5381"},{"taxonomy":"product_cat","embeddable":true,"href":"https:\/\/fresco-europe.com\/de\/wp-json\/wp\/v2\/product_cat?post=5381"},{"taxonomy":"product_tag","embeddable":true,"href":"https:\/\/fresco-europe.com\/de\/wp-json\/wp\/v2\/product_tag?post=5381"}],"curies":[{"name":"wp","href":"https:\/\/api.w.org\/{rel}","templated":true}]}}