{"id":5191,"date":"2020-12-25T05:54:47","date_gmt":"2020-12-25T05:54:47","guid":{"rendered":"https:\/\/fresco-europe.com\/ueber-uns\/"},"modified":"2024-12-07T05:36:55","modified_gmt":"2024-12-07T05:36:55","slug":"ueber-uns","status":"publish","type":"page","link":"https:\/\/fresco-europe.com\/de\/ueber-uns\/","title":{"rendered":"\u00dcber uns"},"content":{"rendered":"\t\t<div data-elementor-type=\"wp-page\" data-elementor-id=\"5191\" class=\"elementor elementor-5191 elementor-4016\">\n\t\t\t\t\t\t<section class=\"elementor-section elementor-top-section elementor-element elementor-element-24e65dd elementor-section-height-min-height elementor-section-full_width elementor-section-height-default elementor-section-items-middle\" data-id=\"24e65dd\" data-element_type=\"section\" data-e-type=\"section\">\n\t\t\t\t\t\t<div class=\"elementor-container elementor-column-gap-no\">\n\t\t\t\t\t<div class=\"elementor-column elementor-col-100 elementor-top-column elementor-element elementor-element-eef7f38\" data-id=\"eef7f38\" data-element_type=\"column\" data-e-type=\"column\">\n\t\t\t<div class=\"elementor-widget-wrap elementor-element-populated\">\n\t\t\t\t\t\t<div class=\"elementor-element elementor-element-9b9c24a elementor-widget elementor-widget-agrikon-page-hero\" data-id=\"9b9c24a\" data-element_type=\"widget\" data-e-type=\"widget\" data-widget_type=\"agrikon-page-hero.default\">\n\t\t\t\t<div class=\"elementor-widget-container\">\n\t\t\t\t\t<div class=\"page-header ripped-off\"><div class=\"page-header__bg\"><\/div><div class=\"container\"><div aria-label=\"Breadcrumbs\" class=\"breadcrumb-trail breadcrumbs\"><ul class=\"breadcrumbs thm-breadcrumb list-unstyled\"><li  class=\"trail-item breadcrumb_item trail-end breadcrumb_active\"><a href=\"https:\/\/fresco-europe.com\/de\/\" rel=\"home\" itemprop=\"item\"><span>Home<\/span><\/a><\/li><\/ul><\/div><h2 class=\"page-title\">\u00dcber uns<\/h2><\/div><\/div>\t\t\t\t<\/div>\n\t\t\t\t<\/div>\n\t\t\t\t\t<\/div>\n\t\t<\/div>\n\t\t\t\t\t<\/div>\n\t\t<\/section>\n\t\t\t\t<div class=\"elementor-section elementor-top-section elementor-element elementor-element-bb81d5d nt-section section-padding elementor-section-content-middle elementor-section-boxed elementor-section-height-default elementor-section-height-default\" data-id=\"bb81d5d\" data-element_type=\"section\" data-e-type=\"section\" data-settings=\"{&quot;background_background&quot;:&quot;classic&quot;}\">\n\t\t\t\t\t\t<div class=\"elementor-container elementor-column-gap-default\">\n\t\t\t\t\t<div class=\"elementor-column elementor-col-50 elementor-top-column elementor-element elementor-element-6a489743\" data-id=\"6a489743\" data-element_type=\"column\" data-e-type=\"column\">\n\t\t\t<div class=\"elementor-widget-wrap elementor-element-populated\">\n\t\t\t\t\t\t<div class=\"elementor-element elementor-element-43454b75 elementor-widget elementor-widget-image\" data-id=\"43454b75\" data-element_type=\"widget\" data-e-type=\"widget\" data-widget_type=\"image.default\">\n\t\t\t\t<div class=\"elementor-widget-container\">\n\t\t\t\t\t\t\t\t\t\t\t\t\t\t\t<img decoding=\"async\" src=\"https:\/\/fresco-europe.com\/wp-content\/uploads\/elementor\/thumbs\/logo-qvdn5z4794nkw9zxuaux1nvhuh8fo0ge8057hgjfi2.png\" title=\"logo\" alt=\"logo\" loading=\"lazy\" \/>\t\t\t\t\t\t\t\t\t\t\t\t\t\t\t<\/div>\n\t\t\t\t<\/div>\n\t\t\t\t<div class=\"elementor-element elementor-element-6867bb19 agrikon-transform transform-type-translate elementor-widget elementor-widget-heading\" data-id=\"6867bb19\" data-element_type=\"widget\" data-e-type=\"widget\" data-widget_type=\"heading.default\">\n\t\t\t\t<div class=\"elementor-widget-container\">\n\t\t\t\t\t<p class=\"elementor-heading-title elementor-size-default\">Willkommen bei Fresco Europe<\/p>\t\t\t\t<\/div>\n\t\t\t\t<\/div>\n\t\t\t\t<div class=\"elementor-element elementor-element-2c5362af agrikon-transform transform-type-translate elementor-widget elementor-widget-heading\" data-id=\"2c5362af\" data-element_type=\"widget\" data-e-type=\"widget\" data-widget_type=\"heading.default\">\n\t\t\t\t<div class=\"elementor-widget-container\">\n\t\t\t\t\t<h3 class=\"elementor-heading-title elementor-size-default\">Mit \u00fcber 35 Jahren<br>Erfahrung in der <u>Landwirtschaft<\/u>\n<\/h3>\t\t\t\t<\/div>\n\t\t\t\t<\/div>\n\t\t\t\t<div class=\"elementor-element elementor-element-4f8a426 agrikon-transform transform-type-translate elementor-widget elementor-widget-heading\" data-id=\"4f8a426\" data-element_type=\"widget\" data-e-type=\"widget\" data-widget_type=\"heading.default\">\n\t\t\t\t<div class=\"elementor-widget-container\">\n\t\t\t\t\t<p class=\"elementor-heading-title elementor-size-default\">Bei Fresco Europe haben wir nicht nur eine Leidenschaft f\u00fcr Produkte, sondern auch f\u00fcr die Qualit\u00e4t. Mit \u00fcber 35 Jahren Erfahrung in der Landwirtschaft liefern wir nicht nur Frische, sondern auch h\u00f6chste Qualit\u00e4t von Obst und Gem\u00fcse an Ihre Haust\u00fcr.<\/p>\t\t\t\t<\/div>\n\t\t\t\t<\/div>\n\t\t\t\t<section class=\"elementor-section elementor-inner-section elementor-element elementor-element-f5922a4 elementor-section-boxed elementor-section-height-default elementor-section-height-default\" data-id=\"f5922a4\" data-element_type=\"section\" data-e-type=\"section\">\n\t\t\t\t\t\t<div class=\"elementor-container elementor-column-gap-no\">\n\t\t\t\t\t<div class=\"elementor-column elementor-col-33 elementor-inner-column elementor-element elementor-element-59dd15c\" data-id=\"59dd15c\" data-element_type=\"column\" data-e-type=\"column\">\n\t\t\t<div class=\"elementor-widget-wrap elementor-element-populated\">\n\t\t\t\t\t\t<div class=\"elementor-element elementor-element-e34c5dc elementor-widget elementor-widget-agrikon-odometer\" data-id=\"e34c5dc\" data-element_type=\"widget\" data-e-type=\"widget\" data-widget_type=\"agrikon-odometer.default\">\n\t\t\t\t<div class=\"elementor-widget-container\">\n\t\t\t\t\t<div class=\"odometer_wrapper theme-default\"><div id=\"odometer_e34c5dc\" class=\"odometer\" data-agrikon-odometer='{\"theme\":\"default\",\"format\":\"d\",\"number\":10,\"number2\":35}'>10<\/div><\/div>\t\t\t\t<\/div>\n\t\t\t\t<\/div>\n\t\t\t\t<div class=\"elementor-element elementor-element-4ce14c9 agrikon-transform transform-type-translate elementor-widget elementor-widget-heading\" data-id=\"4ce14c9\" data-element_type=\"widget\" data-e-type=\"widget\" data-widget_type=\"heading.default\">\n\t\t\t\t<div class=\"elementor-widget-container\">\n\t\t\t\t\t<h5 class=\"elementor-heading-title elementor-size-default\">Jahre <br>Erbe<\/h5>\t\t\t\t<\/div>\n\t\t\t\t<\/div>\n\t\t\t\t\t<\/div>\n\t\t<\/div>\n\t\t\t\t<div class=\"elementor-column elementor-col-33 elementor-inner-column elementor-element elementor-element-93b7021\" data-id=\"93b7021\" data-element_type=\"column\" data-e-type=\"column\">\n\t\t\t<div class=\"elementor-widget-wrap elementor-element-populated\">\n\t\t\t\t\t\t<div class=\"elementor-element elementor-element-f1c92a1 elementor-widget elementor-widget-agrikon-odometer\" data-id=\"f1c92a1\" data-element_type=\"widget\" data-e-type=\"widget\" data-widget_type=\"agrikon-odometer.default\">\n\t\t\t\t<div class=\"elementor-widget-container\">\n\t\t\t\t\t<div class=\"odometer_wrapper theme-default\"><div id=\"odometer_f1c92a1\" class=\"odometer\" data-agrikon-odometer='{\"theme\":\"default\",\"format\":\"d\",\"number\":15,\"number2\":25}'>15<\/div><\/div>\t\t\t\t<\/div>\n\t\t\t\t<\/div>\n\t\t\t\t<div class=\"elementor-element elementor-element-30b450a agrikon-transform transform-type-translate elementor-widget elementor-widget-heading\" data-id=\"30b450a\" data-element_type=\"widget\" data-e-type=\"widget\" data-widget_type=\"heading.default\">\n\t\t\t\t<div class=\"elementor-widget-container\">\n\t\t\t\t\t<h5 class=\"elementor-heading-title elementor-size-default\">Frische <br>Produkte<\/h5>\t\t\t\t<\/div>\n\t\t\t\t<\/div>\n\t\t\t\t\t<\/div>\n\t\t<\/div>\n\t\t\t\t<div class=\"elementor-column elementor-col-33 elementor-inner-column elementor-element elementor-element-5aa25f7\" data-id=\"5aa25f7\" data-element_type=\"column\" data-e-type=\"column\">\n\t\t\t<div class=\"elementor-widget-wrap elementor-element-populated\">\n\t\t\t\t\t\t<div class=\"elementor-element elementor-element-3950c99 elementor-widget elementor-widget-agrikon-odometer\" data-id=\"3950c99\" data-element_type=\"widget\" data-e-type=\"widget\" data-widget_type=\"agrikon-odometer.default\">\n\t\t\t\t<div class=\"elementor-widget-container\">\n\t\t\t\t\t<div class=\"odometer_wrapper theme-default\"><div id=\"odometer_3950c99\" class=\"odometer\" data-agrikon-odometer='{\"theme\":\"default\",\"format\":\"d\",\"number\":6,\"number2\":10}'>6<\/div><\/div>\t\t\t\t<\/div>\n\t\t\t\t<\/div>\n\t\t\t\t<div class=\"elementor-element elementor-element-f0a8772 agrikon-transform transform-type-translate elementor-widget elementor-widget-heading\" data-id=\"f0a8772\" data-element_type=\"widget\" data-e-type=\"widget\" data-widget_type=\"heading.default\">\n\t\t\t\t<div class=\"elementor-widget-container\">\n\t\t\t\t\t<h5 class=\"elementor-heading-title elementor-size-default\">L\u00e4nder<br> Weltweit<\/h5>\t\t\t\t<\/div>\n\t\t\t\t<\/div>\n\t\t\t\t\t<\/div>\n\t\t<\/div>\n\t\t\t\t\t<\/div>\n\t\t<\/section>\n\t\t\t\t<div class=\"elementor-element elementor-element-4972a24 agrikon-transform transform-type-translate elementor-widget elementor-widget-heading\" data-id=\"4972a24\" data-element_type=\"widget\" data-e-type=\"widget\" data-widget_type=\"heading.default\">\n\t\t\t\t<div class=\"elementor-widget-container\">\n\t\t\t\t\t<p class=\"elementor-heading-title elementor-size-default\">Wir von Fresco Europe haben es uns zur Aufgabe gemacht, Ihnen das frischeste Obst und Gem\u00fcse anzubieten, das wir von unseren eigenen Farmen und den besten Erzeugern auf der ganzen Welt beziehen.<\/p>\t\t\t\t<\/div>\n\t\t\t\t<\/div>\n\t\t\t\t\t<\/div>\n\t\t<\/div>\n\t\t\t\t<div class=\"elementor-column elementor-col-50 elementor-top-column elementor-element elementor-element-f538a06\" data-id=\"f538a06\" data-element_type=\"column\" data-e-type=\"column\">\n\t\t\t<div class=\"elementor-widget-wrap elementor-element-populated\">\n\t\t\t\t\t\t<div class=\"elementor-element elementor-element-482018d elementor-widget elementor-widget-image\" data-id=\"482018d\" data-element_type=\"widget\" data-e-type=\"widget\" data-widget_type=\"image.default\">\n\t\t\t\t<div class=\"elementor-widget-container\">\n\t\t\t\t\t\t\t\t\t\t\t\t\t\t\t<img decoding=\"async\" src=\"https:\/\/fresco-europe.com\/wp-content\/uploads\/elementor\/thumbs\/organic-news-21-qv627tuh4e2kl1vetat7dbxjjpuifj6cp8q106o0yg.jpg\" title=\"organic-news-21\" alt=\"organic-news-21\" loading=\"lazy\" \/>\t\t\t\t\t\t\t\t\t\t\t\t\t\t\t<\/div>\n\t\t\t\t<\/div>\n\t\t\t\t<div class=\"elementor-element elementor-element-a48cad8 elementor-widget__width-initial elementor-absolute elementor-widget elementor-widget-spacer\" data-id=\"a48cad8\" data-element_type=\"widget\" data-e-type=\"widget\" data-settings=\"{&quot;_position&quot;:&quot;absolute&quot;}\" data-widget_type=\"spacer.default\">\n\t\t\t\t<div class=\"elementor-widget-container\">\n\t\t\t\t\t\t\t<div class=\"elementor-spacer\">\n\t\t\t<div class=\"elementor-spacer-inner\"><\/div>\n\t\t<\/div>\n\t\t\t\t\t\t<\/div>\n\t\t\t\t<\/div>\n\t\t\t\t<div class=\"elementor-element elementor-element-4e94405 elementor-widget__width-initial elementor-absolute elementor-widget elementor-widget-spacer\" data-id=\"4e94405\" data-element_type=\"widget\" data-e-type=\"widget\" data-settings=\"{&quot;_position&quot;:&quot;absolute&quot;}\" data-widget_type=\"spacer.default\">\n\t\t\t\t<div class=\"elementor-widget-container\">\n\t\t\t\t\t\t\t<div class=\"elementor-spacer\">\n\t\t\t<div class=\"elementor-spacer-inner\"><\/div>\n\t\t<\/div>\n\t\t\t\t\t\t<\/div>\n\t\t\t\t<\/div>\n\t\t\t\t\t<\/div>\n\t\t<\/div>\n\t\t\t\t\t<\/div>\n\t\t<\/div>\n\t\t\t\t<div class=\"elementor-section elementor-top-section elementor-element elementor-element-b61bcf6 elementor-section-full_width nt-section section-padding elementor-section-height-default elementor-section-height-default\" data-id=\"b61bcf6\" data-element_type=\"section\" data-e-type=\"section\" data-settings=\"{&quot;background_background&quot;:&quot;classic&quot;}\">\n\t\t\t\t\t\t<div class=\"elementor-container elementor-column-gap-no\">\n\t\t\t\t\t<div class=\"elementor-column elementor-col-100 elementor-top-column elementor-element elementor-element-2781a2f\" data-id=\"2781a2f\" data-element_type=\"column\" data-e-type=\"column\">\n\t\t\t<div class=\"elementor-widget-wrap elementor-element-populated\">\n\t\t\t\t\t\t<div class=\"elementor-section elementor-inner-section elementor-element elementor-element-5807b99 elementor-section-boxed elementor-section-height-default elementor-section-height-default\" data-id=\"5807b99\" data-element_type=\"section\" data-e-type=\"section\">\n\t\t\t\t\t\t<div class=\"elementor-container elementor-column-gap-no\">\n\t\t\t\t\t<div class=\"elementor-column elementor-col-100 elementor-inner-column elementor-element elementor-element-06746ef\" data-id=\"06746ef\" data-element_type=\"column\" data-e-type=\"column\">\n\t\t\t<div class=\"elementor-widget-wrap elementor-element-populated\">\n\t\t\t\t\t\t<div class=\"elementor-element elementor-element-cf2af52 elementor-widget elementor-widget-image\" data-id=\"cf2af52\" data-element_type=\"widget\" data-e-type=\"widget\" data-widget_type=\"image.default\">\n\t\t\t\t<div class=\"elementor-widget-container\">\n\t\t\t\t\t\t\t\t\t\t\t\t\t\t\t<img decoding=\"async\" src=\"https:\/\/fresco-europe.com\/wp-content\/uploads\/elementor\/thumbs\/logo-qvdn5z4794nkw9zxuaux1nvhuh8fo0ge8057hgjfi2.png\" title=\"logo\" alt=\"logo\" loading=\"lazy\" \/>\t\t\t\t\t\t\t\t\t\t\t\t\t\t\t<\/div>\n\t\t\t\t<\/div>\n\t\t\t\t<div class=\"elementor-element elementor-element-1b8935a agrikon-transform transform-type-translate elementor-widget elementor-widget-heading\" data-id=\"1b8935a\" data-element_type=\"widget\" data-e-type=\"widget\" data-widget_type=\"heading.default\">\n\t\t\t\t<div class=\"elementor-widget-container\">\n\t\t\t\t\t<p class=\"elementor-heading-title elementor-size-default\">Unser Auftrag und unsere Geschichte<\/p>\t\t\t\t<\/div>\n\t\t\t\t<\/div>\n\t\t\t\t<div class=\"elementor-element elementor-element-2a993ff agrikon-transform transform-type-translate elementor-widget elementor-widget-heading\" data-id=\"2a993ff\" data-element_type=\"widget\" data-e-type=\"widget\" data-widget_type=\"heading.default\">\n\t\t\t\t<div class=\"elementor-widget-container\">\n\t\t\t\t\t<h3 class=\"elementor-heading-title elementor-size-default\">Entwicklung der Landwirtschaft f\u00fcr eine bessere Zukunft<\/h3>\t\t\t\t<\/div>\n\t\t\t\t<\/div>\n\t\t\t\t\t<\/div>\n\t\t<\/div>\n\t\t\t\t\t<\/div>\n\t\t<\/div>\n\t\t\t\t<div class=\"elementor-section elementor-inner-section elementor-element elementor-element-2fd7dc3 elementor-section-boxed elementor-section-height-default elementor-section-height-default\" data-id=\"2fd7dc3\" data-element_type=\"section\" data-e-type=\"section\">\n\t\t\t\t\t\t<div class=\"elementor-container elementor-column-gap-default\">\n\t\t\t\t\t<div class=\"elementor-column elementor-col-50 elementor-inner-column elementor-element elementor-element-3a85da7\" data-id=\"3a85da7\" data-element_type=\"column\" data-e-type=\"column\" data-settings=\"{&quot;background_background&quot;:&quot;classic&quot;}\">\n\t\t\t<div class=\"elementor-widget-wrap elementor-element-populated\">\n\t\t\t\t\t\t<div class=\"elementor-element elementor-element-3ab80b1 elementor-widget elementor-widget-agrikon-image-before-after\" data-id=\"3ab80b1\" data-element_type=\"widget\" data-e-type=\"widget\" data-widget_type=\"agrikon-image-before-after.default\">\n\t\t\t\t<div class=\"elementor-widget-container\">\n\t\t\t\t\t<div id=\"myImageCompare_3ab80b1\" class=\"nt-images-compare\"><div style=\"display: none;\"><img decoding=\"async\" src=\"https:\/\/fresco-europe.com\/wp-content\/uploads\/2020\/02\/organic-news-23-768x432.jpg\" alt=\"organic-news-23.jpg\"><\/div><div><img decoding=\"async\" src=\"https:\/\/fresco-europe.com\/wp-content\/uploads\/2020\/02\/organic-news-21-768x432.jpg\" alt=\"organic-news-21.jpg\"><\/div><\/div>\t\t\t\t<\/div>\n\t\t\t\t<\/div>\n\t\t\t\t<div class=\"elementor-element elementor-element-114e9d3 agrikon-transform transform-type-translate elementor-widget elementor-widget-heading\" data-id=\"114e9d3\" data-element_type=\"widget\" data-e-type=\"widget\" data-widget_type=\"heading.default\">\n\t\t\t\t<div class=\"elementor-widget-container\">\n\t\t\t\t\t<h4 class=\"elementor-heading-title elementor-size-default\">Qualit\u00e4t, der Sie vertrauen k\u00f6nnen<\/h4>\t\t\t\t<\/div>\n\t\t\t\t<\/div>\n\t\t\t\t<div class=\"elementor-element elementor-element-516d5b7 agrikon-transform transform-type-translate elementor-widget elementor-widget-heading\" data-id=\"516d5b7\" data-element_type=\"widget\" data-e-type=\"widget\" data-widget_type=\"heading.default\">\n\t\t\t\t<div class=\"elementor-widget-container\">\n\t\t\t\t\t<span class=\"elementor-heading-title elementor-size-default\">Qualit\u00e4t steht bei allem, was wir tun, im Mittelpunkt. Unsere strengen Qualit\u00e4tskontrollen garantieren, dass Sie Obst und Gem\u00fcse erhalten, das nicht nur lecker, sondern auch sicher und gesund ist. Vielen Dank, dass Sie sich f\u00fcr Fresco Europe entschieden haben. Lassen Sie uns gemeinsam die pulsierende Welt von frischem Obst und Gem\u00fcse feiern!<\/span>\t\t\t\t<\/div>\n\t\t\t\t<\/div>\n\t\t\t\t\t<\/div>\n\t\t<\/div>\n\t\t\t\t<div class=\"elementor-column elementor-col-50 elementor-inner-column elementor-element elementor-element-e06ccea\" data-id=\"e06ccea\" data-element_type=\"column\" data-e-type=\"column\">\n\t\t\t<div class=\"elementor-widget-wrap elementor-element-populated\">\n\t\t\t\t\t\t<div class=\"elementor-element elementor-element-2451e85 agrikon-transform transform-type-translate elementor-widget elementor-widget-heading\" data-id=\"2451e85\" data-element_type=\"widget\" data-e-type=\"widget\" data-widget_type=\"heading.default\">\n\t\t\t\t<div class=\"elementor-widget-container\">\n\t\t\t\t\t<h2 class=\"elementor-heading-title elementor-size-default\">Unser Auftrag<\/h2>\t\t\t\t<\/div>\n\t\t\t\t<\/div>\n\t\t\t\t<div class=\"elementor-element elementor-element-6f6fdc0 agrikon-transform transform-type-translate elementor-widget elementor-widget-heading\" data-id=\"6f6fdc0\" data-element_type=\"widget\" data-e-type=\"widget\" data-widget_type=\"heading.default\">\n\t\t\t\t<div class=\"elementor-widget-container\">\n\t\t\t\t\t<p class=\"elementor-heading-title elementor-size-default\">Unsere Mission ist einfach: Wir liefern Obst und Gem\u00fcse von h\u00f6chster Qualit\u00e4t und f\u00f6rdern gleichzeitig nachhaltige Praktiken. Wir glauben, dass frische, nahrhafte Lebensmittel der Schl\u00fcssel zu einem gesunden Lebensstil sind, und wir bem\u00fchen uns sicherzustellen, dass jeder Bissen, den Sie zu sich nehmen, Ihr Wohlbefinden unterst\u00fctzt.  <\/p>\t\t\t\t<\/div>\n\t\t\t\t<\/div>\n\t\t\t\t<div class=\"elementor-element elementor-element-bd5cdda agrikon-transform transform-type-translate elementor-widget elementor-widget-heading\" data-id=\"bd5cdda\" data-element_type=\"widget\" data-e-type=\"widget\" data-widget_type=\"heading.default\">\n\t\t\t\t<div class=\"elementor-widget-container\">\n\t\t\t\t\t<h2 class=\"elementor-heading-title elementor-size-default\">Unsere Geschichte<\/h2>\t\t\t\t<\/div>\n\t\t\t\t<\/div>\n\t\t\t\t<div class=\"elementor-element elementor-element-01757bb agrikon-transform transform-type-translate elementor-widget elementor-widget-heading\" data-id=\"01757bb\" data-element_type=\"widget\" data-e-type=\"widget\" data-widget_type=\"heading.default\">\n\t\t\t\t<div class=\"elementor-widget-container\">\n\t\t\t\t\t<p class=\"elementor-heading-title elementor-size-default\">Entstanden aus einem tiefen Verst\u00e4ndnis f\u00fcr die Landwirtschaft, hat sich unser Unternehmen von bescheidenen Anf\u00e4ngen zu einem vertrauensw\u00fcrdigen Lieferanten f\u00fcr Einzelh\u00e4ndler und Verbraucher gleicherma\u00dfen entwickelt. Mit mehr als 35 Jahren Erfahrung haben wir enge Beziehungen zu Erzeugern auf der ganzen Welt gekn\u00fcpft, die es uns erm\u00f6glichen, eine vielf\u00e4ltige Auswahl an saisonalen Produkten anzubieten, die immer frisch und schmackhaft sind.<\/p>\t\t\t\t<\/div>\n\t\t\t\t<\/div>\n\t\t\t\t<div class=\"elementor-element elementor-element-5706513 elementor-widget elementor-widget-agrikon-button\" data-id=\"5706513\" data-element_type=\"widget\" data-e-type=\"widget\" data-widget_type=\"agrikon-button.default\">\n\t\t\t\t<div class=\"elementor-widget-container\">\n\t\t\t\t\t<div class=\"agrikon-button\"><a class=\"agrikon-btn thm-btn \" href=\"https:\/\/fresco-europe.com\/de\/kontaktieren-sie-uns\/\">Arbeiten Sie mit unseren Experten zusammen <\/a><\/div>\t\t\t\t<\/div>\n\t\t\t\t<\/div>\n\t\t\t\t\t<\/div>\n\t\t<\/div>\n\t\t\t\t\t<\/div>\n\t\t<\/div>\n\t\t\t\t\t<\/div>\n\t\t<\/div>\n\t\t\t\t\t<\/div>\n\t\t<\/div>\n\t\t\t\t<section data-agrikon-parallax=\"{&quot;type&quot;:&quot;scroll&quot;,&quot;speed&quot;:&quot;0.5&quot;,&quot;imgsize&quot;:&quot;cover&quot;,&quot;imgsrc&quot;:&quot;https:\/\/fresco-europe.com\/wp-content\/uploads\/2020\/02\/organic-news-19.jpg&quot;,&quot;mobile&quot;:&quot;&quot;}\" class=\"elementor-section elementor-top-section elementor-element elementor-element-5adfefa nt-section section-padding agrikon-parallax jarallax parallax-yes elementor-section-boxed elementor-section-height-default elementor-section-height-default\" data-id=\"5adfefa\" data-element_type=\"section\" data-e-type=\"section\" data-settings=\"{&quot;background_background&quot;:&quot;classic&quot;}\">\n\t\t\t\t\t\t\t<div class=\"elementor-background-overlay\"><\/div>\n\t\t\t\t\t\t\t<div class=\"elementor-container elementor-column-gap-default\">\n\t\t\t\t\t<div class=\"elementor-column elementor-col-100 elementor-top-column elementor-element elementor-element-386472e\" data-id=\"386472e\" data-element_type=\"column\" data-e-type=\"column\">\n\t\t\t<div class=\"elementor-widget-wrap elementor-element-populated\">\n\t\t\t\t\t\t<div class=\"elementor-element elementor-element-7105918 agrikon-transform transform-type-translate elementor-widget elementor-widget-heading\" data-id=\"7105918\" data-element_type=\"widget\" data-e-type=\"widget\" data-widget_type=\"heading.default\">\n\t\t\t\t<div class=\"elementor-widget-container\">\n\t\t\t\t\t<h2 class=\"elementor-heading-title elementor-size-default\">Wir <u>unterst\u00fctzen die<\/u> vollst\u00e4ndige R\u00fcckverfolgbarkeit f\u00fcr jedes Produkt.  <\/h2>\t\t\t\t<\/div>\n\t\t\t\t<\/div>\n\t\t\t\t\t<\/div>\n\t\t<\/div>\n\t\t\t\t\t<\/div>\n\t\t<\/section>\n\t\t\t\t<\/div>\n\t\t","protected":false},"excerpt":{"rendered":"<p>Home \u00dcber uns Willkommen bei Fresco Europe Mit \u00fcber 35 JahrenErfahrung in der Landwirtschaft Bei Fresco Europe haben wir nicht nur eine Leidenschaft f\u00fcr Produkte, sondern auch f\u00fcr die Qualit\u00e4t. Mit \u00fcber 35 Jahren Erfahrung in der Landwirtschaft liefern wir nicht nur Frische, sondern auch h\u00f6chste Qualit\u00e4t von Obst und Gem\u00fcse an Ihre Haust\u00fcr. 10&#8230;<\/p>\n","protected":false},"author":1,"featured_media":0,"parent":0,"menu_order":0,"comment_status":"closed","ping_status":"closed","template":"","meta":{"footnotes":""},"class_list":{"0":"post-5191","1":"page","2":"type-page","3":"status-publish","4":"hentry","5":"nt-post-class","6":"","8":"thumb-none","10":"excerpt-none"},"_links":{"self":[{"href":"https:\/\/fresco-europe.com\/de\/wp-json\/wp\/v2\/pages\/5191","targetHints":{"allow":["GET"]}}],"collection":[{"href":"https:\/\/fresco-europe.com\/de\/wp-json\/wp\/v2\/pages"}],"about":[{"href":"https:\/\/fresco-europe.com\/de\/wp-json\/wp\/v2\/types\/page"}],"author":[{"embeddable":true,"href":"https:\/\/fresco-europe.com\/de\/wp-json\/wp\/v2\/users\/1"}],"replies":[{"embeddable":true,"href":"https:\/\/fresco-europe.com\/de\/wp-json\/wp\/v2\/comments?post=5191"}],"version-history":[{"count":6,"href":"https:\/\/fresco-europe.com\/de\/wp-json\/wp\/v2\/pages\/5191\/revisions"}],"predecessor-version":[{"id":5366,"href":"https:\/\/fresco-europe.com\/de\/wp-json\/wp\/v2\/pages\/5191\/revisions\/5366"}],"wp:attachment":[{"href":"https:\/\/fresco-europe.com\/de\/wp-json\/wp\/v2\/media?parent=5191"}],"curies":[{"name":"wp","href":"https:\/\/api.w.org\/{rel}","templated":true}]}}